{"id":1232,"date":"2021-11-16T13:09:00","date_gmt":"2021-11-16T13:09:00","guid":{"rendered":"https:\/\/www.intacol.pt\/?post_type=product&#038;p=1232"},"modified":"2024-05-28T11:01:25","modified_gmt":"2024-05-28T11:01:25","slug":"alfabeet","status":"publish","type":"product","link":"https:\/\/clone.intacol.pt\/en\/product\/alphabet\/","title":{"rendered":"<p>ALFABEET<\/p>"},"content":{"rendered":"<h3><strong>Food developed to partially replace the forage of all types of horses, composed of super fibers such as Beetroot Pulp and Lucerne that provide slow-release energy, helping to maintain good digestive health.<\/strong><div>? Ideal for horses that need an alternative forage source or a low-starch, high-fiber feed, or horses with dental and\/or digestive problems.<\/div><div>? It must be dissolved in water to create a food that is easy to chew and digest.<\/div><\/h3>","protected":false},"excerpt":{"rendered":"<p>Food developed to partially replace the forage of all types of horses, composed of super fibers such as Pulp of Beetroot and Lucerne.<\/p>","protected":false},"featured_media":1233,"template":"","meta":{"_et_pb_use_builder":"off","_et_pb_old_content":"<h3><strong>Alimento desenvolvido para substituir parcialmente a forragem de todo o tipo de cavalos, composto por super fibras como Polpa de Beterraba e Luzerna que fornecem energia de liberta\u00e7\u00e3o lenta, ajudando a manter uma boa sa\u00fade digestiva.<\/strong><\/h3>\r\n<div>\u2022 Ideal para cavalos que necessitem de uma fonte forrageira alternativa ou de um alimento com baixo teor de amido e el-evado teor de fibra, ou cavalos com problemas dent\u00e1rios e\/ ou digestivos.<\/div>\r\n<div>\u2022 Deve ser dissolvido em \u00e1gua por forma a criar um alimento de f\u00e1cil mastiga\u00e7\u00e3o e digest\u00e3o.<\/div>","_et_gb_content_width":""},"product_cat":[79,154,167,168],"product_tag":[127,116,68,71],"class_list":{"0":"post-1232","1":"product","2":"type-product","3":"status-publish","4":"has-post-thumbnail","6":"product_cat-produtos","7":"product_cat-alimentos","8":"product_cat-sem-cereais","9":"product_cat-fibras","10":"product_tag-baixo-em-amido-e-acucares","11":"product_tag-fontes-de-fibra","12":"product_tag-trabalho-ligeiro-lazer","13":"product_tag-trabalho-moderado-intenso","15":"first","16":"instock","17":"shipping-taxable","18":"product-type-simple"},"acf":[],"_links":{"self":[{"href":"https:\/\/clone.intacol.pt\/en\/wp-json\/wp\/v2\/product\/1232","targetHints":{"allow":["GET"]}}],"collection":[{"href":"https:\/\/clone.intacol.pt\/en\/wp-json\/wp\/v2\/product"}],"about":[{"href":"https:\/\/clone.intacol.pt\/en\/wp-json\/wp\/v2\/types\/product"}],"wp:featuredmedia":[{"embeddable":true,"href":"https:\/\/clone.intacol.pt\/en\/wp-json\/wp\/v2\/media\/1233"}],"wp:attachment":[{"href":"https:\/\/clone.intacol.pt\/en\/wp-json\/wp\/v2\/media?parent=1232"}],"wp:term":[{"taxonomy":"product_cat","embeddable":true,"href":"https:\/\/clone.intacol.pt\/en\/wp-json\/wp\/v2\/product_cat?post=1232"},{"taxonomy":"product_tag","embeddable":true,"href":"https:\/\/clone.intacol.pt\/en\/wp-json\/wp\/v2\/product_tag?post=1232"}],"curies":[{"name":"wp","href":"https:\/\/api.w.org\/{rel}","templated":true}]}}