{"id":1245,"date":"2021-11-17T11:37:21","date_gmt":"2021-11-17T11:37:21","guid":{"rendered":"https:\/\/www.intacol.pt\/?post_type=product&#038;p=1245"},"modified":"2024-05-10T15:19:31","modified_gmt":"2024-05-10T15:19:31","slug":"airway","status":"publish","type":"product","link":"https:\/\/clone.intacol.pt\/en\/product\/airway\/","title":{"rendered":"<p>AIRWAY<\/p>"},"content":{"rendered":"<h3><strong>Supplement developed with the aim of optimizing the respiratory function of horses, containing essential oils and plant extracts that have decongestant, expectorant and calming properties.<\/strong><p>Indicated for: all types of horses subjected to intense efforts; horses with respiratory problems (cough and others).<\/p><\/h3>","protected":false},"excerpt":{"rendered":"<p>Supplement developed with the aim of optimizing the respiratory function of horses, containing essential oils and plant extracts.<\/p>","protected":false},"featured_media":1246,"template":"","meta":{"_et_pb_use_builder":"off","_et_pb_old_content":"<h3><strong>Suplemento desenvolvido com o intuito de optimizar a fun\u00e7\u00e3o respirat\u00f3ria de cavalos, contendo \u00f3leos essenciais e extractos de plantas que apresentam propriedades descongestionantes, expectorantes e calmantes.<\/strong><\/h3>\r\nIndicado para: todo o tipo de cavalos sujeitos a esfor\u00e7os intensos; cavalos com problemas respirat\u00f3rios (tosse e outros).","_et_gb_content_width":""},"product_cat":[79],"product_tag":[],"class_list":{"0":"post-1245","1":"product","2":"type-product","3":"status-publish","4":"has-post-thumbnail","6":"product_cat-produtos","8":"first","9":"instock","10":"shipping-taxable","11":"product-type-simple"},"acf":[],"_links":{"self":[{"href":"https:\/\/clone.intacol.pt\/en\/wp-json\/wp\/v2\/product\/1245","targetHints":{"allow":["GET"]}}],"collection":[{"href":"https:\/\/clone.intacol.pt\/en\/wp-json\/wp\/v2\/product"}],"about":[{"href":"https:\/\/clone.intacol.pt\/en\/wp-json\/wp\/v2\/types\/product"}],"wp:featuredmedia":[{"embeddable":true,"href":"https:\/\/clone.intacol.pt\/en\/wp-json\/wp\/v2\/media\/1246"}],"wp:attachment":[{"href":"https:\/\/clone.intacol.pt\/en\/wp-json\/wp\/v2\/media?parent=1245"}],"wp:term":[{"taxonomy":"product_cat","embeddable":true,"href":"https:\/\/clone.intacol.pt\/en\/wp-json\/wp\/v2\/product_cat?post=1245"},{"taxonomy":"product_tag","embeddable":true,"href":"https:\/\/clone.intacol.pt\/en\/wp-json\/wp\/v2\/product_tag?post=1245"}],"curies":[{"name":"wp","href":"https:\/\/api.w.org\/{rel}","templated":true}]}}