{"id":1161,"date":"2021-11-15T15:34:35","date_gmt":"2021-11-15T15:34:35","guid":{"rendered":"https:\/\/www.intacol.pt\/?post_type=product&#038;p=1161"},"modified":"2024-05-16T14:31:35","modified_gmt":"2024-05-16T14:31:35","slug":"balance","status":"publish","type":"product","link":"https:\/\/clone.intacol.pt\/es\/product\/ritmo\/","title":{"rendered":"<p>BALANCE<\/p>"},"content":{"rendered":"<h3><strong>Alimento que permite, mediante la ingesti\u00f3n de peque\u00f1os vol\u00famenes, aportar todos los nutrientes necesarios para la salud y vitalidad del caballo.<\/strong><div>? Bajo contenido en almid\u00f3n y az\u00facares simples, siendo adecuado para caballos con: sensibilidad al almid\u00f3n; \u00falceras g\u00e1stricas; dentici\u00f3n comprometida; o temperamento nervioso.<\/div><div>? Rica en Vitamina E y Selenio, favoreciendo la recuperaci\u00f3n muscular.<\/div><div>? Alto en grasa y rico en Omega 3.<\/div><\/h3>","protected":false},"excerpt":{"rendered":"<p>Alimento que permite, mediante la ingesti\u00f3n de peque\u00f1os vol\u00famenes, aportar todos los nutrientes necesarios para la salud y vitalidad del caballo.<\/p>","protected":false},"featured_media":1162,"template":"","meta":{"_et_pb_use_builder":"","_et_pb_old_content":"","_et_gb_content_width":""},"product_cat":[79,154,163],"product_tag":[127,72,68,71],"class_list":{"0":"post-1161","1":"product","2":"type-product","3":"status-publish","4":"has-post-thumbnail","6":"product_cat-produtos","7":"product_cat-alimentos","8":"product_cat-excesso-de-peso","9":"product_tag-baixo-em-amido-e-acucares","10":"product_tag-cavalo-a-campo-paddock","11":"product_tag-trabalho-ligeiro-lazer","12":"product_tag-trabalho-moderado-intenso","14":"first","15":"instock","16":"shipping-taxable","17":"product-type-simple"},"acf":[],"_links":{"self":[{"href":"https:\/\/clone.intacol.pt\/es\/wp-json\/wp\/v2\/product\/1161","targetHints":{"allow":["GET"]}}],"collection":[{"href":"https:\/\/clone.intacol.pt\/es\/wp-json\/wp\/v2\/product"}],"about":[{"href":"https:\/\/clone.intacol.pt\/es\/wp-json\/wp\/v2\/types\/product"}],"wp:featuredmedia":[{"embeddable":true,"href":"https:\/\/clone.intacol.pt\/es\/wp-json\/wp\/v2\/media\/1162"}],"wp:attachment":[{"href":"https:\/\/clone.intacol.pt\/es\/wp-json\/wp\/v2\/media?parent=1161"}],"wp:term":[{"taxonomy":"product_cat","embeddable":true,"href":"https:\/\/clone.intacol.pt\/es\/wp-json\/wp\/v2\/product_cat?post=1161"},{"taxonomy":"product_tag","embeddable":true,"href":"https:\/\/clone.intacol.pt\/es\/wp-json\/wp\/v2\/product_tag?post=1161"}],"curies":[{"name":"wp","href":"https:\/\/api.w.org\/{rel}","templated":true}]}}