{"id":1187,"date":"2021-11-16T09:12:42","date_gmt":"2021-11-16T09:12:42","guid":{"rendered":"https:\/\/www.intacol.pt\/?post_type=product&#038;p=1187"},"modified":"2024-05-16T14:26:25","modified_gmt":"2024-05-16T14:26:25","slug":"intamix","status":"publish","type":"product","link":"https:\/\/clone.intacol.pt\/es\/product\/intamix\/","title":{"rendered":"<p>INTAMIX<\/p>"},"content":{"rendered":"<h3><strong>Alimento desarrollado para caballos adultos en trabajo moderado a intenso.<\/strong><div>? Con amino\u00e1cidos esenciales (lisina y metionina), necesarios para el correcto soporte de los tejidos.<\/div><div>? Contiene minerales en forma org\u00e1nica, lo que asegura su mejor absorci\u00f3n en periodos cr\u00edticos.<\/div><div>? Enriquecido con minerales y vitaminas esenciales para la salud y el rendimiento del caballo<\/div><\/h3>","protected":false},"excerpt":{"rendered":"<p>Alimento desarrollado para caballos adultos en trabajo moderado a intenso.<\/p>","protected":false},"featured_media":1188,"template":"","meta":{"_et_pb_use_builder":"","_et_pb_old_content":"","_et_gb_content_width":""},"product_cat":[79,154,157],"product_tag":[70,71],"class_list":{"0":"post-1187","1":"product","2":"type-product","3":"status-publish","4":"has-post-thumbnail","6":"product_cat-produtos","7":"product_cat-alimentos","8":"product_cat-trabalho-moderado-intenso","9":"product_tag-cavalo-frio","10":"product_tag-trabalho-moderado-intenso","12":"first","13":"instock","14":"shipping-taxable","15":"product-type-simple"},"acf":[],"_links":{"self":[{"href":"https:\/\/clone.intacol.pt\/es\/wp-json\/wp\/v2\/product\/1187","targetHints":{"allow":["GET"]}}],"collection":[{"href":"https:\/\/clone.intacol.pt\/es\/wp-json\/wp\/v2\/product"}],"about":[{"href":"https:\/\/clone.intacol.pt\/es\/wp-json\/wp\/v2\/types\/product"}],"wp:featuredmedia":[{"embeddable":true,"href":"https:\/\/clone.intacol.pt\/es\/wp-json\/wp\/v2\/media\/1188"}],"wp:attachment":[{"href":"https:\/\/clone.intacol.pt\/es\/wp-json\/wp\/v2\/media?parent=1187"}],"wp:term":[{"taxonomy":"product_cat","embeddable":true,"href":"https:\/\/clone.intacol.pt\/es\/wp-json\/wp\/v2\/product_cat?post=1187"},{"taxonomy":"product_tag","embeddable":true,"href":"https:\/\/clone.intacol.pt\/es\/wp-json\/wp\/v2\/product_tag?post=1187"}],"curies":[{"name":"wp","href":"https:\/\/api.w.org\/{rel}","templated":true}]}}