{"id":1193,"date":"2021-11-16T09:46:11","date_gmt":"2021-11-16T09:46:11","guid":{"rendered":"https:\/\/www.intacol.pt\/?post_type=product&#038;p=1193"},"modified":"2024-05-16T14:34:13","modified_gmt":"2024-05-16T14:34:13","slug":"nature-mash","status":"publish","type":"product","link":"https:\/\/clone.intacol.pt\/es\/product\/pure-de-la-naturaleza\/","title":{"rendered":"<p>PUR\u00c9 DE NATURALEZA<\/p>"},"content":{"rendered":"<h3><strong>Alimento dise\u00f1ado para optimizar el Tracto Gastrointestinal del caballo, pudiendo ser utilizado como pienso compuesto exclusivo o como complemento de la dieta b\u00e1sica.<\/strong><div>? Bajo contenido en almid\u00f3n y az\u00facares simples, siendo adecuado para caballos con: sensibilidad al almid\u00f3n; \u00falceras g\u00e1stricas; dentici\u00f3n comprometida; o temperamento nervioso.<\/div><div>? Rica en Vitamina E y Selenio, favoreciendo la recuperaci\u00f3n muscular.<\/div><div>? Alto en grasa y rico en Omega 3.<\/div><\/h3>","protected":false},"excerpt":{"rendered":"<p>Alimento dise\u00f1ado para optimizar el Tracto Gastrointestinal del caballo, pudiendo ser utilizado como complemento o como pienso compuesto exclusivo.<\/p>","protected":false},"featured_media":1194,"template":"","meta":{"_et_pb_use_builder":"","_et_pb_old_content":"","_et_gb_content_width":""},"product_cat":[79,154,167,166,164,162,161],"product_tag":[67,103,68],"class_list":{"0":"post-1193","1":"product","2":"type-product","3":"status-publish","4":"has-post-thumbnail","6":"product_cat-produtos","7":"product_cat-alimentos","8":"product_cat-sem-cereais","9":"product_cat-baixo-em-acucar-e-amidos","10":"product_cat-saude-gastrointestinal","11":"product_cat-para-aumentar-o-peso","12":"product_cat-cavalo-senior","13":"product_tag-cavalo-quente","14":"product_tag-cavalo-senior","15":"product_tag-trabalho-ligeiro-lazer","17":"first","18":"instock","19":"shipping-taxable","20":"product-type-simple"},"acf":[],"_links":{"self":[{"href":"https:\/\/clone.intacol.pt\/es\/wp-json\/wp\/v2\/product\/1193","targetHints":{"allow":["GET"]}}],"collection":[{"href":"https:\/\/clone.intacol.pt\/es\/wp-json\/wp\/v2\/product"}],"about":[{"href":"https:\/\/clone.intacol.pt\/es\/wp-json\/wp\/v2\/types\/product"}],"wp:featuredmedia":[{"embeddable":true,"href":"https:\/\/clone.intacol.pt\/es\/wp-json\/wp\/v2\/media\/1194"}],"wp:attachment":[{"href":"https:\/\/clone.intacol.pt\/es\/wp-json\/wp\/v2\/media?parent=1193"}],"wp:term":[{"taxonomy":"product_cat","embeddable":true,"href":"https:\/\/clone.intacol.pt\/es\/wp-json\/wp\/v2\/product_cat?post=1193"},{"taxonomy":"product_tag","embeddable":true,"href":"https:\/\/clone.intacol.pt\/es\/wp-json\/wp\/v2\/product_tag?post=1193"}],"curies":[{"name":"wp","href":"https:\/\/api.w.org\/{rel}","templated":true}]}}