{"id":1195,"date":"2021-11-16T09:55:56","date_gmt":"2021-11-16T09:55:56","guid":{"rendered":"https:\/\/www.intacol.pt\/?post_type=product&#038;p=1195"},"modified":"2024-05-16T14:27:32","modified_gmt":"2024-05-16T14:27:32","slug":"palatin","status":"publish","type":"product","link":"https:\/\/clone.intacol.pt\/es\/product\/palaciego\/","title":{"rendered":"<p>PALATIN<\/p>"},"content":{"rendered":"<h3><strong>Alimento formulado sin avena para cubrir las necesidades nutricionales de caballos deportivos, sometidos a esfuerzos de moderados a intensos.<\/strong><div>? Prote\u00edna de alta calidad y rica en Vitamina E y Selenio Org\u00e1nico, favoreciendo la funci\u00f3n muscular.<\/div><div>? Diversas fuentes de energ\u00eda que garantizan el equilibrio entre energ\u00edas de liberaci\u00f3n r\u00e1pida y lenta, maximizando el rendimiento del caballo atleta.<\/div><div>? Alto contenido en \u00e1cidos grasos esenciales, favoreciendo la salud de la piel y el pelaje.<\/div><\/h3>","protected":false},"excerpt":{"rendered":"<p>Alimento formulado sin avena, desarrollado para caballos deportivos sometidos a esfuerzos de moderados a intensos.<\/p>","protected":false},"featured_media":1196,"template":"","meta":{"_et_pb_use_builder":"","_et_pb_old_content":"","_et_gb_content_width":""},"product_cat":[79,154,158],"product_tag":[67,71],"class_list":{"0":"post-1195","1":"product","2":"type-product","3":"status-publish","4":"has-post-thumbnail","6":"product_cat-produtos","7":"product_cat-alimentos","8":"product_cat-cavalo-em-competicao","9":"product_tag-cavalo-quente","10":"product_tag-trabalho-moderado-intenso","12":"first","13":"instock","14":"shipping-taxable","15":"product-type-simple"},"acf":[],"_links":{"self":[{"href":"https:\/\/clone.intacol.pt\/es\/wp-json\/wp\/v2\/product\/1195","targetHints":{"allow":["GET"]}}],"collection":[{"href":"https:\/\/clone.intacol.pt\/es\/wp-json\/wp\/v2\/product"}],"about":[{"href":"https:\/\/clone.intacol.pt\/es\/wp-json\/wp\/v2\/types\/product"}],"wp:featuredmedia":[{"embeddable":true,"href":"https:\/\/clone.intacol.pt\/es\/wp-json\/wp\/v2\/media\/1196"}],"wp:attachment":[{"href":"https:\/\/clone.intacol.pt\/es\/wp-json\/wp\/v2\/media?parent=1195"}],"wp:term":[{"taxonomy":"product_cat","embeddable":true,"href":"https:\/\/clone.intacol.pt\/es\/wp-json\/wp\/v2\/product_cat?post=1195"},{"taxonomy":"product_tag","embeddable":true,"href":"https:\/\/clone.intacol.pt\/es\/wp-json\/wp\/v2\/product_tag?post=1195"}],"curies":[{"name":"wp","href":"https:\/\/api.w.org\/{rel}","templated":true}]}}