{"id":1199,"date":"2021-11-16T10:14:31","date_gmt":"2021-11-16T10:14:31","guid":{"rendered":"https:\/\/www.intacol.pt\/?post_type=product&#038;p=1199"},"modified":"2024-05-16T14:27:54","modified_gmt":"2024-05-16T14:27:54","slug":"power-up","status":"publish","type":"product","link":"https:\/\/clone.intacol.pt\/es\/product\/encender\/","title":{"rendered":"<p>ENCENDER<\/p>"},"content":{"rendered":"<h3><strong>Alimento desarrollado para caballos de deporte sometidos a intensos esfuerzos, compuesto por diversas fuentes de energ\u00eda que maximizan el rendimiento del caballo de alta competici\u00f3n.<\/strong><div>? Fuente de amino\u00e1cidos esenciales que favorecen el desarrollo muscular.<\/div><div>? Equilibrio en minerales como Calcio, F\u00f3sforo, Magnesio, Cobre y Zinc, esenciales para el sistema musculoesquel\u00e9tico.<\/div><div>? Enriquecido con Vitamina E y Selenio Org\u00e1nico, previniendo los da\u00f1os causados por el estr\u00e9s oxidativo.<\/div><\/h3>","protected":false},"excerpt":{"rendered":"<p>Alimento desarrollado para caballos deportivos sometidos a intensos esfuerzos y alta competici\u00f3n.<\/p>","protected":false},"featured_media":1200,"template":"","meta":{"_et_pb_use_builder":"","_et_pb_old_content":"","_et_gb_content_width":""},"product_cat":[79,154,158],"product_tag":[70,71],"class_list":{"0":"post-1199","1":"product","2":"type-product","3":"status-publish","4":"has-post-thumbnail","6":"product_cat-produtos","7":"product_cat-alimentos","8":"product_cat-cavalo-em-competicao","9":"product_tag-cavalo-frio","10":"product_tag-trabalho-moderado-intenso","12":"first","13":"instock","14":"shipping-taxable","15":"product-type-simple"},"acf":[],"_links":{"self":[{"href":"https:\/\/clone.intacol.pt\/es\/wp-json\/wp\/v2\/product\/1199","targetHints":{"allow":["GET"]}}],"collection":[{"href":"https:\/\/clone.intacol.pt\/es\/wp-json\/wp\/v2\/product"}],"about":[{"href":"https:\/\/clone.intacol.pt\/es\/wp-json\/wp\/v2\/types\/product"}],"wp:featuredmedia":[{"embeddable":true,"href":"https:\/\/clone.intacol.pt\/es\/wp-json\/wp\/v2\/media\/1200"}],"wp:attachment":[{"href":"https:\/\/clone.intacol.pt\/es\/wp-json\/wp\/v2\/media?parent=1199"}],"wp:term":[{"taxonomy":"product_cat","embeddable":true,"href":"https:\/\/clone.intacol.pt\/es\/wp-json\/wp\/v2\/product_cat?post=1199"},{"taxonomy":"product_tag","embeddable":true,"href":"https:\/\/clone.intacol.pt\/es\/wp-json\/wp\/v2\/product_tag?post=1199"}],"curies":[{"name":"wp","href":"https:\/\/api.w.org\/{rel}","templated":true}]}}