{"id":1230,"date":"2021-11-16T13:00:02","date_gmt":"2021-11-16T13:00:02","guid":{"rendered":"https:\/\/www.intacol.pt\/?post_type=product&#038;p=1230"},"modified":"2024-05-16T14:33:36","modified_gmt":"2024-05-16T14:33:36","slug":"gastro-pro","status":"publish","type":"product","link":"https:\/\/clone.intacol.pt\/es\/product\/gastropro\/","title":{"rendered":"<p>GASTO PROFESIONAL<\/p>"},"content":{"rendered":"<h3><strong>Alimento &amp;quot;sin cereales&amp;quot; formulado con el objetivo de proporcionar energ\u00eda a trav\u00e9s de fuentes que no exciten a los caballos.<\/strong><p>? Ideal para caballos: intolerantes a dietas ricas en almid\u00f3n\/cereales; con s\u00edntomas de \u00falceras g\u00e1stricas\/intestinales; nerviosos o que muestran signos frecuentes de estr\u00e9s\/enfermedades.<\/p><p>? Las fibras altamente digestibles (pulpa de remolacha, lino) y los l\u00edpidos poliinsaturados aseguran un equilibrio digestivo que tiende a mantener a los caballos concentrados.<\/p><p>? Alto contenido en vitamina E y selenio org\u00e1nico, que favorecen la normal funci\u00f3n y recuperaci\u00f3n muscular.<\/p><\/h3>","protected":false},"excerpt":{"rendered":"<p>Alimento &amp;quot;sin cereales&amp;quot; formulado con el objetivo de proporcionar energ\u00eda a trav\u00e9s de fuentes que no exciten a los caballos.<\/p>","protected":false},"featured_media":2341,"template":"","meta":{"_et_pb_use_builder":"","_et_pb_old_content":"","_et_gb_content_width":""},"product_cat":[79,154,167,166,164],"product_tag":[127,67,68,71],"class_list":{"0":"post-1230","1":"product","2":"type-product","3":"status-publish","4":"has-post-thumbnail","6":"product_cat-produtos","7":"product_cat-alimentos","8":"product_cat-sem-cereais","9":"product_cat-baixo-em-acucar-e-amidos","10":"product_cat-saude-gastrointestinal","11":"product_tag-baixo-em-amido-e-acucares","12":"product_tag-cavalo-quente","13":"product_tag-trabalho-ligeiro-lazer","14":"product_tag-trabalho-moderado-intenso","16":"first","17":"instock","18":"shipping-taxable","19":"product-type-simple"},"acf":[],"_links":{"self":[{"href":"https:\/\/clone.intacol.pt\/es\/wp-json\/wp\/v2\/product\/1230","targetHints":{"allow":["GET"]}}],"collection":[{"href":"https:\/\/clone.intacol.pt\/es\/wp-json\/wp\/v2\/product"}],"about":[{"href":"https:\/\/clone.intacol.pt\/es\/wp-json\/wp\/v2\/types\/product"}],"wp:featuredmedia":[{"embeddable":true,"href":"https:\/\/clone.intacol.pt\/es\/wp-json\/wp\/v2\/media\/2341"}],"wp:attachment":[{"href":"https:\/\/clone.intacol.pt\/es\/wp-json\/wp\/v2\/media?parent=1230"}],"wp:term":[{"taxonomy":"product_cat","embeddable":true,"href":"https:\/\/clone.intacol.pt\/es\/wp-json\/wp\/v2\/product_cat?post=1230"},{"taxonomy":"product_tag","embeddable":true,"href":"https:\/\/clone.intacol.pt\/es\/wp-json\/wp\/v2\/product_tag?post=1230"}],"curies":[{"name":"wp","href":"https:\/\/api.w.org\/{rel}","templated":true}]}}