{"id":1236,"date":"2021-11-17T09:46:50","date_gmt":"2021-11-17T09:46:50","guid":{"rendered":"https:\/\/www.intacol.pt\/?post_type=product&#038;p=1236"},"modified":"2024-05-10T14:40:17","modified_gmt":"2024-05-10T14:40:17","slug":"vit-e","status":"publish","type":"product","link":"https:\/\/clone.intacol.pt\/es\/product\/vit-e\/","title":{"rendered":"<p>VIT E+<\/p>"},"content":{"rendered":"<h3><strong>Complemento que promueve un aumento de la actividad antioxidante, mediante el efecto de la Vitamina E y el Selenio.<\/strong><p>Adecuado para: caballos de trabajo y de carreras; sementales reproductores; yeguas gestantes y lactantes; caballos con poco o ning\u00fan acceso al pasto; fases de estr\u00e9s pre y post cr\u00edtico; tratamiento\/prevenci\u00f3n de enfermedades musculares (miopat\u00edas)<\/p><\/h3>","protected":false},"excerpt":{"rendered":"<p>Complemento que promueve un aumento de la actividad antioxidante, mediante el efecto de la Vitamina E y el Selenio.<\/p>","protected":false},"featured_media":1237,"template":"","meta":{"_et_pb_use_builder":"","_et_pb_old_content":"","_et_gb_content_width":""},"product_cat":[79],"product_tag":[],"class_list":{"0":"post-1236","1":"product","2":"type-product","3":"status-publish","4":"has-post-thumbnail","6":"product_cat-produtos","8":"first","9":"instock","10":"shipping-taxable","11":"product-type-simple"},"acf":[],"_links":{"self":[{"href":"https:\/\/clone.intacol.pt\/es\/wp-json\/wp\/v2\/product\/1236","targetHints":{"allow":["GET"]}}],"collection":[{"href":"https:\/\/clone.intacol.pt\/es\/wp-json\/wp\/v2\/product"}],"about":[{"href":"https:\/\/clone.intacol.pt\/es\/wp-json\/wp\/v2\/types\/product"}],"wp:featuredmedia":[{"embeddable":true,"href":"https:\/\/clone.intacol.pt\/es\/wp-json\/wp\/v2\/media\/1237"}],"wp:attachment":[{"href":"https:\/\/clone.intacol.pt\/es\/wp-json\/wp\/v2\/media?parent=1236"}],"wp:term":[{"taxonomy":"product_cat","embeddable":true,"href":"https:\/\/clone.intacol.pt\/es\/wp-json\/wp\/v2\/product_cat?post=1236"},{"taxonomy":"product_tag","embeddable":true,"href":"https:\/\/clone.intacol.pt\/es\/wp-json\/wp\/v2\/product_tag?post=1236"}],"curies":[{"name":"wp","href":"https:\/\/api.w.org\/{rel}","templated":true}]}}