{"id":110,"date":"2021-10-15T12:12:31","date_gmt":"2021-10-15T12:12:31","guid":{"rendered":"http:\/\/intacol.pt\/?page_id=110"},"modified":"2024-05-09T09:11:31","modified_gmt":"2024-05-09T09:11:31","slug":"110-2","status":"publish","type":"page","link":"https:\/\/clone.intacol.pt\/fr\/","title":{"rendered":"<p>domicile<\/p>"},"content":{"rendered":"<p>[et_pb_section fb_built=\u201d1\u2033 fullwidth=\u201don\u201d _builder_version=\u201d4.11.2\u2033 _module_preset=\u201ddefault\u201d positionnement=\u201dfixed\u201d global_colors_info=\u201d{}\u201d][et_pb_fullwidth_slider show_arrows=\u201doff\u201d _builder_version=\u201d4.11.2\u2033 _module_preset=\u201ddefault\u201d height=\u201d100vh\u201d auto=\u201don\u201d global_colors_info=\u201d{}\u201d][et_pb_slide _builder_version=\u201d4.11.2\u2033 _module_preset=\u201ddefault\u201d background_enable_color=\u201doff\u201d background_image=&quot;https:\/\/www. intacol.pt\/wp-content\/uploads\/2021\/10\/01_Landing.jpg\u201d background_enable_image=\u201don\u201d global_colors_info=\u201d{}\u201d sticky_transition=\u201don\u201d][\/et_pb_slide][et_pb_slide _builder_version=\u201d4.11.2\u2033 _module_preset= \u201ddefault\u201d background_enable_color=\u201doff\u201d background_image=\u201dhttp:\/\/clone.intacol.pt\/wp-content\/uploads\/2021\/10\/02_landing.jpg\u201d background_enable_image=\u201don\u201d global_colors_info=\u201d{}\u201d sticky_transition=\u201don \u201d][\/et_pb_slide][et_pb_slide _builder_version=\u201d4.11.2\u2033 _module_preset=\u201ddefault\u201d background_enable_color=\u201doff\u201d background_image=\u201dhttp:\/\/clone.intacol.pt\/wp-content\/uploads\/2021\/10\/03_landing. jpg&quot; arri\u00e8re-plan ound_enable_image=\u201don\u201d global_colors_info=\u201d{}\u201d sticky_transition=\u201don\u201d][\/et_pb_slide][\/et_pb_fullwidth_slider][\/et_pb_section][et_pb_section fb_built=\u201d1\u2033 _builder_version=\u201d4.11.2\u2033 _module_preset=\u201ddefault\u201d background_color= \u201drgba(0,0,0,0)\u201d background_enable_image=\u201doff\u201d global_colors_info=\u201d{}\u201d][et_pb_row column_structure=\u201d1_2,1_2\u2033 use_custom_gutter=\u201don\u201d make_equal=\u201don\u201d _builder_version=\u201d4.12.1\u2033 _module_preset=\u201ddefault\u201d global_colors_info=\u201d{}\u201d][et_pb_column type=\u201d1_2\u2033 _builder_version=\u201d4.11.2\u2033 _module_preset=\u201ddefault\u201d global_colors_info=\u201d{}\u201d][et_pb_text _builder_version=\u201d4.12.1\u2033 _module_preset=\u201d par d\u00e9faut&quot; text_font=&quot;||||||||&quot; text_text_color=\u201d#FFFFF\u201d header_font=\u201dNeutra2Display-Titling||||||||\u201d header_text_color=\u201d#FFFFFF\u201d header_line_height=\u201d1.5em\u201d custom_padding=\u201d||||false|false\u201d global_colors_info=\u201d{}\u201d]<h1>Votre cheval, notre passion<\/h1><p>De v\u00e9ritables partenaires strat\u00e9giques pour tous ceux qui sont connect\u00e9s au monde du cheval.<\/p><p>[\/et_pb_text][\/et_pb_column][et_pb_column type=\u201d1_2\u2033 _builder_version=\u201d4.12.1\u2033 _module_preset=\u201ddefault\u201d positionnement=\u201dnone\u201d vertical_offset=\u201d370px\u201d vertical_offset_tablet=\u201d0px\u201d vertical_offset_phone=\u201d\u201d vertical_offset_last_edited=\u201don |desktop\u201d global_colors_info=\u201d{}\u201d][et_pb_text admin_label=\u201dD\u00c9COUVREZ LE BON ALIMENT\u201d _builder_version=\u201d4.12.1\u2033 _module_preset=\u201ddefault\u201d text_font=\u201d||||||||\u201d text_text_color=\u201d#FFFFFF\u201d header_font=\u201dNeutra2Display-Titling||||||||\u201d header_text_color=\u201d#FFFFFF\u201d header_line_height=\u201d1.5em\u201d custom_padding=\u201d||||false|false\u201d global_colors_info=\u201d{}\u201d]<\/p><h1>TROUVEZ LA BONNE NOURRITURE<\/h1><p>Poulains, juments, chevaux de trait ou seniors, tous m\u00e9ritent une alimentation sp\u00e9cifiquement formul\u00e9e pour r\u00e9pondre \u00e0 leurs besoins nutritionnels.<\/p><p>[\/et_pb_text][et_pb_button button_url=\u201d\/categoria-produto\/produtos\/\u201d button_text=\u201dEn savoir plus\u201d button_alignment=\u201dleft\u201d _builder_version=\u201d4.12.1\u2033 _module_preset=\u201ddefault\u201d custom_button=\u201don\u201d button_text_size=\u201d12px\u201d button_border_width=\u201d1px\u201d button_border_radius=\u201d0px\u201d button_font=\u201dNeutra2Display-Titling||||||||\u201d background_layout=\u201ddark\u201d global_colors_info=\u201d{}\u201d][\/et_pb_button][et_pb_text admin_label=\u201dFAQ\u201d _builder_version=\u201d4.12.1\u2033 _module_preset=\u201ddefault\u201d text_font=\u201d||||||||\u201d text_text_color=\u201d#FFFFFF\u201d header_font=\u201dNeutra2Display-Titling||||||||\u201d header_text_color=\u201d#FFFFFF\u201d header_line_height=\u201d1.5em\u201d custom_padding=\u201d||||false|false\u201d global_colors_info=\u201d{}\u201d]<\/p><h1>QUESTIONS COURANTES<\/h1><p>Vous cherchez des r\u00e9ponses \u00e0 vos questions les plus difficiles sur la nutrition \u00e9quine ?<\/p><p>[\/et_pb_text][et_pb_button button_url=\u201d\/FAQ\/\u201d button_text=\u201dEn savoir plus\u201d button_alignment=\u201dleft\u201d _builder_version=\u201d4.12.1\u2033 _module_preset=\u201ddefault\u201d custom_button=\u201don\u201d button_text_size=\u201d12px\u201d button_border_width= \u201d1px \u201d button_border_radius=\u201d0px\u201d button_font=\u201dNeutra2Display-Titling||||||||\u201d background_layout=\u201ddark\u201d global_colors_info=\u201d{}\u201d][\/et_pb_button][\/et_pb_column][\/et_pb_row][\/et_pb_section]<\/p><\/p>","protected":false},"excerpt":{"rendered":"<p>Votre cheval, notre passion V\u00e9ritables partenaires strat\u00e9giques pour tous les acteurs du monde \u00e9questre.D\u00c9COUVREZ LA BONNE ALIMENTATION Poulains, juments, chevaux de travail ou seniors, tous m\u00e9ritent une alimentation sp\u00e9cifiquement formul\u00e9e pour r\u00e9pondre \u00e0 leurs besoins nutritionnels.QUESTIONS FR\u00c9QUEMMENT POS\u00c9ES des questions sur la nutrition \u00e9quine ?<\/p>","protected":false},"author":1,"featured_media":0,"parent":0,"menu_order":0,"comment_status":"closed","ping_status":"closed","template":"","meta":{"_et_pb_use_builder":"on","_et_pb_old_content":"","_et_gb_content_width":"","footnotes":""},"class_list":["post-110","page","type-page","status-publish","hentry"],"acf":[],"_links":{"self":[{"href":"https:\/\/clone.intacol.pt\/fr\/wp-json\/wp\/v2\/pages\/110","targetHints":{"allow":["GET"]}}],"collection":[{"href":"https:\/\/clone.intacol.pt\/fr\/wp-json\/wp\/v2\/pages"}],"about":[{"href":"https:\/\/clone.intacol.pt\/fr\/wp-json\/wp\/v2\/types\/page"}],"author":[{"embeddable":true,"href":"https:\/\/clone.intacol.pt\/fr\/wp-json\/wp\/v2\/users\/1"}],"replies":[{"embeddable":true,"href":"https:\/\/clone.intacol.pt\/fr\/wp-json\/wp\/v2\/comments?post=110"}],"version-history":[{"count":30,"href":"https:\/\/clone.intacol.pt\/fr\/wp-json\/wp\/v2\/pages\/110\/revisions"}],"predecessor-version":[{"id":2328,"href":"https:\/\/clone.intacol.pt\/fr\/wp-json\/wp\/v2\/pages\/110\/revisions\/2328"}],"wp:attachment":[{"href":"https:\/\/clone.intacol.pt\/fr\/wp-json\/wp\/v2\/media?parent=110"}],"curies":[{"name":"wp","href":"https:\/\/api.w.org\/{rel}","templated":true}]}}