{"id":1708,"date":"2022-01-18T14:39:22","date_gmt":"2022-01-18T14:39:22","guid":{"rendered":"https:\/\/www.intacol.pt\/?page_id=1708"},"modified":"2022-01-18T14:50:10","modified_gmt":"2022-01-18T14:50:10","slug":"servicos","status":"publish","type":"page","link":"https:\/\/clone.intacol.pt\/fr\/prestations-de-service\/","title":{"rendered":"<p>prestations de service<\/p>"},"content":{"rendered":"<p>[et_pb_section fb_built=&rdquo;1&Prime; fullwidth=&rdquo;on&rdquo; _builder_version=&rdquo;4.11.2&Prime; _module_preset=&rdquo;default&rdquo; positioning=&rdquo;fixed&rdquo; global_colors_info=&rdquo;{}&rdquo;][et_pb_fullwidth_slider show_arrows=&rdquo;off&rdquo; _builder_version=&rdquo;4.12.1&Prime; _module_preset=&rdquo;default&rdquo; height=&rdquo;100vh&rdquo; auto=&rdquo;on&rdquo; hover_enabled=&rdquo;0&Prime; global_colors_info=&rdquo;{}&rdquo; sticky_enabled=&rdquo;0&Prime;][et_pb_slide _builder_version=&rdquo;4.12.1&Prime; _module_preset=&rdquo;default&rdquo; background_enable_color=&rdquo;off&rdquo; background_image=&rdquo;http:\/\/clone.intacol.pt\/wp-content\/uploads\/2022\/01\/05_1_servicos.jpg&rdquo; background_enable_image=&rdquo;on&rdquo; hover_enabled=&rdquo;0&Prime; global_colors_info=&rdquo;{}&rdquo; sticky_transition=&rdquo;on&rdquo; title_text=&rdquo;05_1_servicos&rdquo; sticky_enabled=&rdquo;0&Prime;][\/et_pb_slide][\/et_pb_fullwidth_slider][\/et_pb_section][et_pb_section fb_built=&rdquo;1&Prime; _builder_version=&rdquo;4.11.2&Prime; _module_preset=&rdquo;default&rdquo; background_color=&rdquo;rgba(0,0,0,0)&rdquo; background_enable_image=&rdquo;off&rdquo; global_colors_info=&rdquo;{}&rdquo;][et_pb_row use_custom_gutter=&rdquo;on&rdquo; make_equal=&rdquo;on&rdquo; _builder_version=&rdquo;4.12.1&Prime; _module_preset=&rdquo;default&rdquo; hover_enabled=&rdquo;0&Prime; global_colors_info=&rdquo;{}&rdquo; sticky_enabled=&rdquo;0&Prime;][et_pb_column type=&rdquo;4_4&Prime; _builder_version=&rdquo;4.11.2&Prime; _module_preset=&rdquo;default&rdquo; global_colors_info=&rdquo;{}&rdquo;][et_pb_text _builder_version=&rdquo;4.12.1&Prime; _module_preset=&rdquo;default&rdquo; text_font=&rdquo;||||||||&rdquo; text_text_color=&rdquo;#FFFFFF&rdquo; header_font=&rdquo;Neutra2Display-Titling||||||||&rdquo; header_text_color=&rdquo;#FFFFFF&rdquo; header_line_height=&rdquo;1.5em&rdquo; custom_padding=&rdquo;||||false|false&rdquo; hover_enabled=&rdquo;0&Prime; global_colors_info=&rdquo;{}&rdquo; sticky_enabled=&rdquo;0&Prime;]<h1>prestations de service<\/h1><p>Nous garantissons un \u00e9quilibre nutritionnel correct pour les chevaux, \u00e0 tous les stades, \u00e0 travers une s\u00e9rie de services :<\/p><p>[\/et_pb_text][\/et_pb_column][\/et_pb_row][et_pb_row _builder_version=&rdquo;4.12.1&Prime; _module_preset=&rdquo;default&rdquo; column_structure=&rdquo;1_2,1_2&Prime; hover_enabled=&rdquo;0&Prime; sticky_enabled=&rdquo;0&Prime;][et_pb_column _builder_version=&rdquo;4.12.1&Prime; _module_preset=&rdquo;default&rdquo; type=&rdquo;1_2&Prime;][et_pb_blurb title=&rdquo;AVALIA&Ccedil;&Atilde;O DA CONDI&Ccedil;&Atilde;O CORPORAL DO CAVALO&rdquo; _builder_version=&rdquo;4.12.1&Prime; _module_preset=&rdquo;default&rdquo; header_text_color=&rdquo;#FFFFFF&rdquo; background_color=&rdquo;rgba(0,0,0,0.5)&rdquo; custom_padding=&rdquo;20px|20px|10px|20px|false|true&rdquo; hover_enabled=&rdquo;0&Prime; sticky_enabled=&rdquo;0&Prime;][\/et_pb_blurb][et_pb_blurb title=&rdquo;ARRA&Ccedil;OAMENTOS PERSONALIZADOS&rdquo; _builder_version=&rdquo;4.12.1&Prime; _module_preset=&rdquo;default&rdquo; header_text_color=&rdquo;#FFFFFF&rdquo; background_color=&rdquo;rgba(0,0,0,0.5)&rdquo; custom_padding=&rdquo;20px|20px|10px|20px|false|true&rdquo; hover_enabled=&rdquo;0&Prime; sticky_enabled=&rdquo;0&Prime;][\/et_pb_blurb][et_pb_blurb title=&rdquo;VISITAS T&Eacute;CNICO-COMERCIAS&rdquo; _builder_version=&rdquo;4.12.1&Prime; _module_preset=&rdquo;default&rdquo; header_text_color=&rdquo;#FFFFFF&rdquo; background_color=&rdquo;rgba(0,0,0,0.5)&rdquo; custom_padding=&rdquo;20px|20px|10px|20px|false|true&rdquo; hover_enabled=&rdquo;0&Prime; sticky_enabled=&rdquo;0&Prime;][\/et_pb_blurb][et_pb_blurb title=&rdquo;AC&Ccedil;&Otilde;ES DE FORMA&Ccedil;&Atilde;O&rdquo; _builder_version=&rdquo;4.12.1&Prime; _module_preset=&rdquo;default&rdquo; header_text_color=&rdquo;#FFFFFF&rdquo; background_color=&rdquo;rgba(0,0,0,0.5)&rdquo; custom_padding=&rdquo;20px|20px|10px|20px|false|true&rdquo; hover_enabled=&rdquo;0&Prime; sticky_enabled=&rdquo;0&Prime;][\/et_pb_blurb][\/et_pb_column][et_pb_column _builder_version=&rdquo;4.12.1&Prime; _module_preset=&rdquo;default&rdquo; type=&rdquo;1_2&Prime;][et_pb_blurb title=&rdquo;AN&Aacute;LISE DE FORRAGENS&rdquo; _builder_version=&rdquo;4.12.1&Prime; _module_preset=&rdquo;default&rdquo; header_text_color=&rdquo;#FFFFFF&rdquo; background_color=&rdquo;rgba(0,0,0,0.5)&rdquo; custom_padding=&rdquo;20px|20px|10px|20px|false|true&rdquo; hover_enabled=&rdquo;0&Prime; sticky_enabled=&rdquo;0&Prime;][\/et_pb_blurb][et_pb_blurb title=&rdquo;ACONSELHAMENTO NA SUPLEMENTA&Ccedil;&Atilde;O&rdquo; _builder_version=&rdquo;4.12.1&Prime; _module_preset=&rdquo;default&rdquo; header_text_color=&rdquo;#FFFFFF&rdquo; background_color=&rdquo;rgba(0,0,0,0.5)&rdquo; custom_padding=&rdquo;20px|20px|10px|20px|false|true&rdquo; hover_enabled=&rdquo;0&Prime; sticky_enabled=&rdquo;0&Prime;][\/et_pb_blurb][et_pb_blurb title=&rdquo;REDE DE DISTRIBUI&Ccedil;&Atilde;O IB&Eacute;RICA&rdquo; _builder_version=&rdquo;4.12.1&Prime; _module_preset=&rdquo;default&rdquo; header_text_color=&rdquo;#FFFFFF&rdquo; background_color=&rdquo;rgba(0,0,0,0.5)&rdquo; custom_padding=&rdquo;20px|20px|10px|20px|false|true&rdquo; hover_enabled=&rdquo;0&Prime; sticky_enabled=&rdquo;0&Prime;][\/et_pb_blurb][et_pb_blurb title=&rdquo;APOIO T&Eacute;CNICO AOS DISTRIBUIDORES INTACOL&rdquo; _builder_version=&rdquo;4.12.1&Prime; _module_preset=&rdquo;default&rdquo; header_text_color=&rdquo;#FFFFFF&rdquo; background_color=&rdquo;rgba(0,0,0,0.5)&rdquo; custom_padding=&rdquo;20px|20px|10px|20px|false|true&rdquo; hover_enabled=&rdquo;0&Prime; sticky_enabled=&rdquo;0&Prime;][\/et_pb_blurb][\/et_pb_column][\/et_pb_row][\/et_pb_section]<\/p><\/p>","protected":false},"excerpt":{"rendered":"<p>Servi&ccedil;os Garantimos um correcto equil&iacute;brio nutricional para cavalos, em todas as fases, atrav&eacute;s de uma s&eacute;rie de servi&ccedil;os:<\/p>","protected":false},"author":1,"featured_media":0,"parent":0,"menu_order":0,"comment_status":"closed","ping_status":"closed","template":"","meta":{"_et_pb_use_builder":"on","_et_pb_old_content":"","_et_gb_content_width":"","footnotes":""},"class_list":["post-1708","page","type-page","status-publish","hentry"],"acf":[],"_links":{"self":[{"href":"https:\/\/clone.intacol.pt\/fr\/wp-json\/wp\/v2\/pages\/1708","targetHints":{"allow":["GET"]}}],"collection":[{"href":"https:\/\/clone.intacol.pt\/fr\/wp-json\/wp\/v2\/pages"}],"about":[{"href":"https:\/\/clone.intacol.pt\/fr\/wp-json\/wp\/v2\/types\/page"}],"author":[{"embeddable":true,"href":"https:\/\/clone.intacol.pt\/fr\/wp-json\/wp\/v2\/users\/1"}],"replies":[{"embeddable":true,"href":"https:\/\/clone.intacol.pt\/fr\/wp-json\/wp\/v2\/comments?post=1708"}],"version-history":[{"count":7,"href":"https:\/\/clone.intacol.pt\/fr\/wp-json\/wp\/v2\/pages\/1708\/revisions"}],"predecessor-version":[{"id":1724,"href":"https:\/\/clone.intacol.pt\/fr\/wp-json\/wp\/v2\/pages\/1708\/revisions\/1724"}],"wp:attachment":[{"href":"https:\/\/clone.intacol.pt\/fr\/wp-json\/wp\/v2\/media?parent=1708"}],"curies":[{"name":"wp","href":"https:\/\/api.w.org\/{rel}","templated":true}]}}