{"id":853,"date":"2021-11-04T10:20:51","date_gmt":"2021-11-04T10:20:51","guid":{"rendered":"https:\/\/www.intacol.pt\/?page_id=853"},"modified":"2024-05-21T16:16:01","modified_gmt":"2024-05-21T16:16:01","slug":"a-marca","status":"publish","type":"page","link":"https:\/\/clone.intacol.pt\/fr\/une-note\/","title":{"rendered":"<p>La marque<\/p>"},"content":{"rendered":"<p>[et_pb_section fb_built=&rdquo;1&Prime; _builder_version=&rdquo;4.12.1&Prime; _module_preset=&rdquo;default&rdquo; background_image=&rdquo;http:\/\/clone.intacol.pt\/wp-content\/uploads\/2022\/01\/04_Sobre-scaled.jpg&rdquo; box_shadow_style=&rdquo;preset2&Prime; global_colors_info=&rdquo;{}&rdquo;][et_pb_row column_structure=&rdquo;1_3,2_3&Prime; _builder_version=&rdquo;4.12.1&Prime; _module_preset=&rdquo;default&rdquo; global_colors_info=&rdquo;{}&rdquo;][et_pb_column type=&rdquo;1_3&Prime; _builder_version=&rdquo;4.12.1&Prime; _module_preset=&rdquo;default&rdquo; global_colors_info=&rdquo;{}&rdquo;][\/et_pb_column][et_pb_column type=&rdquo;2_3&Prime; _builder_version=&rdquo;4.12.1&Prime; _module_preset=&rdquo;default&rdquo; global_colors_info=&rdquo;{}&rdquo;][et_pb_text _builder_version=&rdquo;4.12.1&Prime; _module_preset=&rdquo;default&rdquo; text_font=&rdquo;Neutra2Display-Medium||||||||&rdquo; text_text_color=&rdquo;#FFFFFF&rdquo; text_font_size=&rdquo;20px&rdquo; text_line_height=&rdquo;1.3em&rdquo; header_font=&rdquo;Neutra2Display-Titling||||||||&rdquo; header_text_color=&rdquo;#FFFFFF&rdquo; header_line_height=&rdquo;1.7em&rdquo; header_6_font=&rdquo;Neutra2Display-Medium||||||||&rdquo; header_6_text_color=&rdquo;#FFFFFF&rdquo; header_6_font_size=&rdquo;22px&rdquo; header_6_line_height=&rdquo;1.3em&rdquo; width=&rdquo;90%&rdquo; width_tablet=&rdquo;100%&rdquo; width_phone=&rdquo;100%&rdquo; width_last_edited=&rdquo;on|desktop&rdquo; custom_margin=&rdquo;200px||||false|false&rdquo; custom_padding=&rdquo;||||false|false&rdquo; global_colors_info=&rdquo;{}&rdquo;]<h1 style=\"text-align: left;\">plus qu&#039;une marque<\/h1><p style=\"text-align: justify;\">Fond\u00e9e en 1990, INTACOL a \u00e9t\u00e9 pionni\u00e8re dans l&#039;introduction du proc\u00e9d\u00e9 de micronisation au Portugal, devenant la seule usine portugaise \u00e0 parier sur cette technique innovante.<br>Initialement d\u00e9di\u00e9e \u00e0 la production de soja lamin\u00e9 micronis\u00e9 de mani\u00e8re intensive, elle est progressivement pass\u00e9e \u00e0 la production de c\u00e9r\u00e9ales lamin\u00e9s micronis\u00e9es.<\/p><p>En constante am\u00e9lioration et d\u00e9veloppement, c&#039;est \u00e0 partir de 1995 qu&#039;INTACOL concentre et sp\u00e9cialise son activit\u00e9 dans la production d&#039;aliments complets pour chevaux. La cl\u00e9 de ce saut \u00e9tait un partenariat avec Charnwood Milling Company, une soci\u00e9t\u00e9 britannique renomm\u00e9e de nutrition \u00e9quine.<\/p><p>En 2004, INTACOL a \u00e9t\u00e9 acquise par Reagro, une importante soci\u00e9t\u00e9 commerciale portugaise dans le domaine des mati\u00e8res premi\u00e8res pour l&#039;alimentation animale.<\/p><p>Le d\u00e9veloppement, la production et la commercialisation d&#039;aliments exclusivement pour chevaux sont devenus l&#039;objectif d&#039;INTACOL, avec un engagement \u00e0 un contr\u00f4le de qualit\u00e9 rigoureux des mati\u00e8res premi\u00e8res constitutives. Ceux-ci sont soigneusement s\u00e9lectionn\u00e9s et soumis \u00e0 des processus de traitement thermique fiables et coh\u00e9rents, qui garantissent une am\u00e9lioration consid\u00e9rable de la digestibilit\u00e9, augmentant l&#039;\u00e9nergie disponible et la s\u00e9curit\u00e9 alimentaire (\u00e9limination des facteurs anti-nutritionnels).<\/p><p>INTACOL propose une large gamme d&#039;aliments concentr\u00e9s qui r\u00e9pondent aux besoins nutritionnels des juments, poulains, \u00e9talons et chevaux \u00e0 tous les niveaux de comp\u00e9tition, dans diverses modalit\u00e9s et dans tous les \u00e9tats physiologiques.<\/p><p>En 2020, INTACOL a d\u00e9cid\u00e9 d&#039;\u00e9largir sa gamme de produits en lan\u00e7ant une nouvelle gamme de compl\u00e9ments, sp\u00e9cialement con\u00e7ue pour am\u00e9liorer la sant\u00e9 des articulations, des sabots, de la respiration, de la digestion, des intestins et du comportement des chevaux.<\/p><p>[\/et_pb_text][et_pb_text _builder_version=&rdquo;4.12.1&Prime; _module_preset=&rdquo;default&rdquo; text_font=&rdquo;Neutra2Display-Medium||||||||&rdquo; text_text_color=&rdquo;#FFFFFF&rdquo; text_font_size=&rdquo;20px&rdquo; text_line_height=&rdquo;1.3em&rdquo; header_font=&rdquo;Neutra2Display-Titling||||||||&rdquo; header_text_color=&rdquo;#FFFFFF&rdquo; header_line_height=&rdquo;1.7em&rdquo; header_6_font=&rdquo;Neutra2Display-Medium||||||||&rdquo; header_6_text_color=&rdquo;#FFFFFF&rdquo; header_6_font_size=&rdquo;22px&rdquo; header_6_line_height=&rdquo;1.3em&rdquo; width=&rdquo;90%&rdquo; width_tablet=&rdquo;100%&rdquo; width_phone=&rdquo;100%&rdquo; width_last_edited=&rdquo;on|desktop&rdquo; custom_margin=&rdquo;||||false|false&rdquo; custom_padding=&rdquo;||||false|false&rdquo; global_colors_info=&rdquo;{}&rdquo;]<\/p><h1 style=\"text-align: left;\">La nutrition<\/h1><p style=\"text-align: justify;\">Garantissant toujours la plus haute qualit\u00e9, INTACOL est en mesure de pr\u00e9parer une ration personnalis\u00e9e pour chaque cheval, en tenant compte de son poids, de sa structure, de son travail et d&#039;autres facteurs.<\/p><p style=\"text-align: justify;\">L&#039;objectif d&#039;INTACOL est d&#039;assurer un approvisionnement nutritionnel correct :<\/p><p>[\/et_pb_text][et_pb_blurb title=&rdquo;NAS DIFERENTES FASES DE CRESCIMENTO&rdquo; module_class=&rdquo;caixa&rdquo; _builder_version=&rdquo;4.12.1&Prime; _module_preset=&rdquo;default&rdquo; header_font=&rdquo;Neutra2Display-Titling||||||||&rdquo; header_text_align=&rdquo;center&rdquo; header_text_color=&rdquo;#FFFFFF&rdquo; header_line_height=&rdquo;1.3em&rdquo; width=&rdquo;30%&rdquo; width_tablet=&rdquo;30%&rdquo; width_phone=&rdquo;100%&rdquo; width_last_edited=&rdquo;on|phone&rdquo; module_alignment=&rdquo;left&rdquo; custom_margin=&rdquo;||||false|false&rdquo; custom_padding=&rdquo;15px|15px||15px|false|true&rdquo; custom_css_main_element=&rdquo;display: inline-block;&rdquo; border_width_all=&rdquo;1px&rdquo; border_color_all=&rdquo;#ffffff&rdquo; global_colors_info=&rdquo;{}&rdquo; custom_css_main_element_last_edited=&rdquo;on|phone&rdquo; custom_css_main_element_phone=&rdquo;display: block&rdquo; custom_css_main_element_tablet=&rdquo;display: inline-block;&rdquo;][\/et_pb_blurb][et_pb_blurb title=&rdquo;NAS DIFERENTES ACTIVIDADES DESPORTIVAS, OPTIMIZANDO O RENDIMENTO DESPORTIVO M&Aacute;XIMO&rdquo; _builder_version=&rdquo;4.12.1&Prime; _module_preset=&rdquo;default&rdquo; header_font=&rdquo;Neutra2Display-Titling||||||||&rdquo; header_text_align=&rdquo;center&rdquo; header_text_color=&rdquo;#FFFFFF&rdquo; header_line_height=&rdquo;1.3em&rdquo; width=&rdquo;55%&rdquo; width_tablet=&rdquo;55%&rdquo; width_phone=&rdquo;100%&rdquo; width_last_edited=&rdquo;on|phone&rdquo; module_alignment=&rdquo;left&rdquo; custom_padding=&rdquo;15px|15px||15px|false|true&rdquo; custom_css_main_element=&rdquo;display: inline-block;&rdquo; border_width_all=&rdquo;1px&rdquo; border_color_all=&rdquo;#ffffff&rdquo; global_colors_info=&rdquo;{}&rdquo;][\/et_pb_blurb][et_pb_text _builder_version=&rdquo;4.12.1&Prime; _module_preset=&rdquo;default&rdquo; text_font=&rdquo;Neutra2Display-Medium||||||||&rdquo; text_text_color=&rdquo;#FFFFFF&rdquo; text_font_size=&rdquo;20px&rdquo; text_line_height=&rdquo;1.3em&rdquo; header_font=&rdquo;Neutra2Display-Titling||||||||&rdquo; header_text_color=&rdquo;#FFFFFF&rdquo; header_line_height=&rdquo;1.7em&rdquo; header_6_font=&rdquo;Neutra2Display-Medium||||||||&rdquo; header_6_text_color=&rdquo;#FFFFFF&rdquo; header_6_font_size=&rdquo;22px&rdquo; header_6_line_height=&rdquo;1.3em&rdquo; width=&rdquo;90%&rdquo; width_tablet=&rdquo;100%&rdquo; width_phone=&rdquo;100%&rdquo; width_last_edited=&rdquo;on|desktop&rdquo; custom_margin=&rdquo;||||false|false&rdquo; custom_padding=&rdquo;||||false|false&rdquo; global_colors_info=&rdquo;{}&rdquo;]<\/p><h1 style=\"text-align: left;\">Comme?<\/h1><p style=\"text-align: justify;\">Gr\u00e2ce \u00e0 des programmes alimentaires et alimentaires \u00e9quilibr\u00e9s, nous veillons au respect de tous les param\u00e8tres nutritionnels, garantissant la sant\u00e9, le bien-\u00eatre et l&#039;optimisation des performances de tous les chevaux.<\/p><p>[\/et_pb_text][\/et_pb_column][\/et_pb_row][\/et_pb_section][et_pb_section fb_built=&rdquo;1&Prime; _builder_version=&rdquo;4.12.1&Prime; _module_preset=&rdquo;default&rdquo; global_colors_info=&rdquo;{}&rdquo;][et_pb_row _builder_version=&rdquo;4.12.1&Prime; _module_preset=&rdquo;default&rdquo; global_colors_info=&rdquo;{}&rdquo;][et_pb_column type=&rdquo;4_4&Prime; _builder_version=&rdquo;4.12.1&Prime; _module_preset=&rdquo;default&rdquo; global_colors_info=&rdquo;{}&rdquo;][et_pb_text _builder_version=&rdquo;4.12.1&Prime; _module_preset=&rdquo;default&rdquo; header_font=&rdquo;Neutra2Display-Titling||||||||&rdquo; header_text_color=&rdquo;#e08738&Prime; text_orientation=&rdquo;center&rdquo; width=&rdquo;75%&rdquo; width_tablet=&rdquo;100%&rdquo; width_phone=&rdquo;100%&rdquo; width_last_edited=&rdquo;on|desktop&rdquo; module_alignment=&rdquo;center&rdquo; custom_margin=&rdquo;||0px||false|false&rdquo; custom_padding=&rdquo;||||false|false&rdquo; global_colors_info=&rdquo;{}&rdquo;]<\/p><h1 style=\"text-align: center;\">C&#039;est notre mission<\/h1><p>[\/et_pb_text][et_pb_text _builder_version=&rdquo;4.12.1&Prime; _module_preset=&rdquo;default&rdquo; header_font=&rdquo;Neutra2Display-Titling||||||||&rdquo; header_text_color=&rdquo;#e08738&Prime; text_orientation=&rdquo;center&rdquo; width=&rdquo;75%&rdquo; width_tablet=&rdquo;100%&rdquo; width_phone=&rdquo;100%&rdquo; width_last_edited=&rdquo;on|desktop&rdquo; module_alignment=&rdquo;center&rdquo; global_colors_info=&rdquo;{}&rdquo;]<\/p><h1>Assurez-vous de la bonne alimentation de votre cheval !<\/h1><p>[\/et_pb_text][\/et_pb_column][\/et_pb_row][\/et_pb_section]<\/p><\/p>","protected":false},"excerpt":{"rendered":"<p>Mais que uma marca Fundada em 1990, a INTACOL foi pioneira na introdu&ccedil;&atilde;o do processo de Microniza&ccedil;&atilde;o em Portugal, constituindo-se na &uacute;nica f&aacute;brica portuguesa que apostou nesta t&eacute;cnica inovadora.Dedicada, numa fase inicial, &agrave; produ&ccedil;&atilde;o de soja micronizada laminada de forma intensiva, passou progressivamente a uma produ&ccedil;&atilde;o de cereais micronizados laminados. Em constante melhoria e desenvolvimento, [&hellip;]<\/p>","protected":false},"author":1,"featured_media":0,"parent":0,"menu_order":0,"comment_status":"closed","ping_status":"closed","template":"","meta":{"_et_pb_use_builder":"on","_et_pb_old_content":"","_et_gb_content_width":"","footnotes":""},"class_list":["post-853","page","type-page","status-publish","hentry"],"acf":[],"_links":{"self":[{"href":"https:\/\/clone.intacol.pt\/fr\/wp-json\/wp\/v2\/pages\/853","targetHints":{"allow":["GET"]}}],"collection":[{"href":"https:\/\/clone.intacol.pt\/fr\/wp-json\/wp\/v2\/pages"}],"about":[{"href":"https:\/\/clone.intacol.pt\/fr\/wp-json\/wp\/v2\/types\/page"}],"author":[{"embeddable":true,"href":"https:\/\/clone.intacol.pt\/fr\/wp-json\/wp\/v2\/users\/1"}],"replies":[{"embeddable":true,"href":"https:\/\/clone.intacol.pt\/fr\/wp-json\/wp\/v2\/comments?post=853"}],"version-history":[{"count":27,"href":"https:\/\/clone.intacol.pt\/fr\/wp-json\/wp\/v2\/pages\/853\/revisions"}],"predecessor-version":[{"id":2358,"href":"https:\/\/clone.intacol.pt\/fr\/wp-json\/wp\/v2\/pages\/853\/revisions\/2358"}],"wp:attachment":[{"href":"https:\/\/clone.intacol.pt\/fr\/wp-json\/wp\/v2\/media?parent=853"}],"curies":[{"name":"wp","href":"https:\/\/api.w.org\/{rel}","templated":true}]}}