{"id":1169,"date":"2021-11-15T15:31:45","date_gmt":"2021-11-15T15:31:45","guid":{"rendered":"https:\/\/www.intacol.pt\/?post_type=product&#038;p=1169"},"modified":"2024-05-16T14:29:20","modified_gmt":"2024-05-16T14:29:20","slug":"epoldrin","status":"publish","type":"product","link":"https:\/\/clone.intacol.pt\/fr\/product\/epoldrim\/","title":{"rendered":"<p>EPOLDRINE<\/p>"},"content":{"rendered":"<h3><strong>Aliment sp\u00e9cifiquement d\u00e9velopp\u00e9 pour r\u00e9pondre aux besoins nutritionnels des juments gestantes et allaitantes et des \u00e9talons.<\/strong><div>? Niveau de prot\u00e9ines ad\u00e9quat pour les besoins accrus de ces p\u00e9riodes.<\/div><div>? Il contient des acides gras essentiels (Om\u00e9ga 3) b\u00e9n\u00e9fiques \u00e0 la fertilit\u00e9 de la jument, \u00e0 la qualit\u00e9 du colostrum et du lait maternel, favorisant ainsi le Syst\u00e8me Immunitaire du poulain.<\/div><div>? Enrichi en Vitamine E, il favorise la qualit\u00e9 de la semence et la fertilit\u00e9 de la jument.<\/div><\/h3>","protected":false},"excerpt":{"rendered":"<p>Aliment sp\u00e9cifiquement d\u00e9velopp\u00e9 pour r\u00e9pondre aux besoins nutritionnels des juments gestantes et allaitantes et des \u00e9talons.<\/p>","protected":false},"featured_media":1170,"template":"","meta":{"_et_pb_use_builder":"","_et_pb_old_content":"","_et_gb_content_width":""},"product_cat":[79,154,159],"product_tag":[],"class_list":{"0":"post-1169","1":"product","2":"type-product","3":"status-publish","4":"has-post-thumbnail","6":"product_cat-produtos","7":"product_cat-alimentos","8":"product_cat-eguas-em-gestacao-lactacao","10":"first","11":"instock","12":"shipping-taxable","13":"product-type-simple"},"acf":[],"_links":{"self":[{"href":"https:\/\/clone.intacol.pt\/fr\/wp-json\/wp\/v2\/product\/1169","targetHints":{"allow":["GET"]}}],"collection":[{"href":"https:\/\/clone.intacol.pt\/fr\/wp-json\/wp\/v2\/product"}],"about":[{"href":"https:\/\/clone.intacol.pt\/fr\/wp-json\/wp\/v2\/types\/product"}],"wp:featuredmedia":[{"embeddable":true,"href":"https:\/\/clone.intacol.pt\/fr\/wp-json\/wp\/v2\/media\/1170"}],"wp:attachment":[{"href":"https:\/\/clone.intacol.pt\/fr\/wp-json\/wp\/v2\/media?parent=1169"}],"wp:term":[{"taxonomy":"product_cat","embeddable":true,"href":"https:\/\/clone.intacol.pt\/fr\/wp-json\/wp\/v2\/product_cat?post=1169"},{"taxonomy":"product_tag","embeddable":true,"href":"https:\/\/clone.intacol.pt\/fr\/wp-json\/wp\/v2\/product_tag?post=1169"}],"curies":[{"name":"wp","href":"https:\/\/api.w.org\/{rel}","templated":true}]}}