{"id":1187,"date":"2021-11-16T09:12:42","date_gmt":"2021-11-16T09:12:42","guid":{"rendered":"https:\/\/www.intacol.pt\/?post_type=product&#038;p=1187"},"modified":"2024-05-16T14:26:25","modified_gmt":"2024-05-16T14:26:25","slug":"intamix","status":"publish","type":"product","link":"https:\/\/clone.intacol.pt\/fr\/product\/intamix\/","title":{"rendered":"<p>INTAMIX<\/p>"},"content":{"rendered":"<h3><strong>Aliment d\u00e9velopp\u00e9 pour les chevaux adultes en travail mod\u00e9r\u00e9 \u00e0 intense.<\/strong><div>? Avec des acides amin\u00e9s essentiels (lysine et m\u00e9thionine), n\u00e9cessaires au bon soutien des tissus.<\/div><div>? Contient des min\u00e9raux sous forme organique, ce qui assure leur meilleure absorption dans les p\u00e9riodes critiques.<\/div><div>? Enrichi en min\u00e9raux et vitamines indispensables \u00e0 la sant\u00e9 et aux performances du cheval<\/div><\/h3>","protected":false},"excerpt":{"rendered":"<p>Aliment d\u00e9velopp\u00e9 pour les chevaux adultes en travail mod\u00e9r\u00e9 \u00e0 intense.<\/p>","protected":false},"featured_media":1188,"template":"","meta":{"_et_pb_use_builder":"","_et_pb_old_content":"","_et_gb_content_width":""},"product_cat":[79,154,157],"product_tag":[70,71],"class_list":{"0":"post-1187","1":"product","2":"type-product","3":"status-publish","4":"has-post-thumbnail","6":"product_cat-produtos","7":"product_cat-alimentos","8":"product_cat-trabalho-moderado-intenso","9":"product_tag-cavalo-frio","10":"product_tag-trabalho-moderado-intenso","12":"first","13":"instock","14":"shipping-taxable","15":"product-type-simple"},"acf":[],"_links":{"self":[{"href":"https:\/\/clone.intacol.pt\/fr\/wp-json\/wp\/v2\/product\/1187","targetHints":{"allow":["GET"]}}],"collection":[{"href":"https:\/\/clone.intacol.pt\/fr\/wp-json\/wp\/v2\/product"}],"about":[{"href":"https:\/\/clone.intacol.pt\/fr\/wp-json\/wp\/v2\/types\/product"}],"wp:featuredmedia":[{"embeddable":true,"href":"https:\/\/clone.intacol.pt\/fr\/wp-json\/wp\/v2\/media\/1188"}],"wp:attachment":[{"href":"https:\/\/clone.intacol.pt\/fr\/wp-json\/wp\/v2\/media?parent=1187"}],"wp:term":[{"taxonomy":"product_cat","embeddable":true,"href":"https:\/\/clone.intacol.pt\/fr\/wp-json\/wp\/v2\/product_cat?post=1187"},{"taxonomy":"product_tag","embeddable":true,"href":"https:\/\/clone.intacol.pt\/fr\/wp-json\/wp\/v2\/product_tag?post=1187"}],"curies":[{"name":"wp","href":"https:\/\/api.w.org\/{rel}","templated":true}]}}