{"id":1189,"date":"2021-11-16T09:18:25","date_gmt":"2021-11-16T09:18:25","guid":{"rendered":"https:\/\/www.intacol.pt\/?post_type=product&#038;p=1189"},"modified":"2024-05-17T15:57:38","modified_gmt":"2024-05-17T15:57:38","slug":"keep-on","status":"publish","type":"product","link":"https:\/\/clone.intacol.pt\/fr\/product\/continuer-a-2\/","title":{"rendered":"<p>CONTINUER \u00c0<\/p>"},"content":{"rendered":"<h3><strong>Aliment granul\u00e9 formul\u00e9 sans avoine, pour chevaux adultes en travail l\u00e9ger \u00e0 mod\u00e9r\u00e9.<\/strong><div>? Densit\u00e9 \u00e9nerg\u00e9tique pertinente contribuant au maintien d&#039;une condition physique ad\u00e9quate.<\/div><div>? Des niveaux de prot\u00e9ines ad\u00e9quats qui garantissent un soutien tissulaire correct.<\/div><div>? Avec des min\u00e9raux et des vitamines indispensables \u00e0 la sant\u00e9 et aux performances du cheval.<\/div><\/h3>","protected":false},"excerpt":{"rendered":"<p>Aliment granul\u00e9 formul\u00e9 sans avoine, pour chevaux adultes en travail l\u00e9ger \u00e0 mod\u00e9r\u00e9.<\/p>","protected":false},"featured_media":3550,"template":"","meta":{"_et_pb_use_builder":"","_et_pb_old_content":"","_et_gb_content_width":""},"product_cat":[79,154,155],"product_tag":[72,68],"class_list":{"0":"post-1189","1":"product","2":"type-product","3":"status-publish","4":"has-post-thumbnail","6":"product_cat-produtos","7":"product_cat-alimentos","8":"product_cat-cavalo-a-campo","9":"product_tag-cavalo-a-campo-paddock","10":"product_tag-trabalho-ligeiro-lazer","12":"first","13":"instock","14":"shipping-taxable","15":"product-type-simple"},"acf":[],"_links":{"self":[{"href":"https:\/\/clone.intacol.pt\/fr\/wp-json\/wp\/v2\/product\/1189","targetHints":{"allow":["GET"]}}],"collection":[{"href":"https:\/\/clone.intacol.pt\/fr\/wp-json\/wp\/v2\/product"}],"about":[{"href":"https:\/\/clone.intacol.pt\/fr\/wp-json\/wp\/v2\/types\/product"}],"wp:featuredmedia":[{"embeddable":true,"href":"https:\/\/clone.intacol.pt\/fr\/wp-json\/wp\/v2\/media\/3550"}],"wp:attachment":[{"href":"https:\/\/clone.intacol.pt\/fr\/wp-json\/wp\/v2\/media?parent=1189"}],"wp:term":[{"taxonomy":"product_cat","embeddable":true,"href":"https:\/\/clone.intacol.pt\/fr\/wp-json\/wp\/v2\/product_cat?post=1189"},{"taxonomy":"product_tag","embeddable":true,"href":"https:\/\/clone.intacol.pt\/fr\/wp-json\/wp\/v2\/product_tag?post=1189"}],"curies":[{"name":"wp","href":"https:\/\/api.w.org\/{rel}","templated":true}]}}