{"id":1191,"date":"2021-11-16T09:40:28","date_gmt":"2021-11-16T09:40:28","guid":{"rendered":"https:\/\/www.intacol.pt\/?post_type=product&#038;p=1191"},"modified":"2024-05-16T14:32:47","modified_gmt":"2024-05-16T14:32:47","slug":"muscle-feed","status":"publish","type":"product","link":"https:\/\/clone.intacol.pt\/fr\/product\/alimentation-musculaire\/","title":{"rendered":"<p>ALIMENTATION MUSCULAIRE<\/p>"},"content":{"rendered":"<h3><strong>Aliment d\u00e9velopp\u00e9 pour les chevaux qui ont besoin d&#039;un apport \u00e9nerg\u00e9tique suppl\u00e9mentaire et d&#039;un d\u00e9veloppement musculaire.<\/strong><div>? Diverses sources d&#039;\u00e9nergie qui maximisent les performances du cheval athl\u00e8te.<\/div><div>? Riche en Vitamine E et en S\u00e9l\u00e9nium Organique, favorisant la r\u00e9cup\u00e9ration musculaire.<\/div><div>? Le grain de lin pr\u00e9sent dans sa constitution lui conf\u00e8re une forte teneur en Om\u00e9ga 3.<\/div><\/h3>","protected":false},"excerpt":{"rendered":"<p>Aliment d\u00e9velopp\u00e9 pour les chevaux qui ont besoin d&#039;un apport \u00e9nerg\u00e9tique suppl\u00e9mentaire et d&#039;un d\u00e9veloppement musculaire.<\/p>","protected":false},"featured_media":1192,"template":"","meta":{"_et_pb_use_builder":"","_et_pb_old_content":"","_et_gb_content_width":""},"product_cat":[79,154,165,162],"product_tag":[70,71],"class_list":{"0":"post-1191","1":"product","2":"type-product","3":"status-publish","4":"has-post-thumbnail","6":"product_cat-produtos","7":"product_cat-alimentos","8":"product_cat-desenvolvimento-muscular","9":"product_cat-para-aumentar-o-peso","10":"product_tag-cavalo-frio","11":"product_tag-trabalho-moderado-intenso","13":"first","14":"instock","15":"shipping-taxable","16":"product-type-simple"},"acf":[],"_links":{"self":[{"href":"https:\/\/clone.intacol.pt\/fr\/wp-json\/wp\/v2\/product\/1191","targetHints":{"allow":["GET"]}}],"collection":[{"href":"https:\/\/clone.intacol.pt\/fr\/wp-json\/wp\/v2\/product"}],"about":[{"href":"https:\/\/clone.intacol.pt\/fr\/wp-json\/wp\/v2\/types\/product"}],"wp:featuredmedia":[{"embeddable":true,"href":"https:\/\/clone.intacol.pt\/fr\/wp-json\/wp\/v2\/media\/1192"}],"wp:attachment":[{"href":"https:\/\/clone.intacol.pt\/fr\/wp-json\/wp\/v2\/media?parent=1191"}],"wp:term":[{"taxonomy":"product_cat","embeddable":true,"href":"https:\/\/clone.intacol.pt\/fr\/wp-json\/wp\/v2\/product_cat?post=1191"},{"taxonomy":"product_tag","embeddable":true,"href":"https:\/\/clone.intacol.pt\/fr\/wp-json\/wp\/v2\/product_tag?post=1191"}],"curies":[{"name":"wp","href":"https:\/\/api.w.org\/{rel}","templated":true}]}}