{"id":1193,"date":"2021-11-16T09:46:11","date_gmt":"2021-11-16T09:46:11","guid":{"rendered":"https:\/\/www.intacol.pt\/?post_type=product&#038;p=1193"},"modified":"2024-05-16T14:34:13","modified_gmt":"2024-05-16T14:34:13","slug":"nature-mash","status":"publish","type":"product","link":"https:\/\/clone.intacol.pt\/fr\/product\/puree-nature\/","title":{"rendered":"<p>PUR\u00c9E NATURELLE<\/p>"},"content":{"rendered":"<h3><strong>Aliment con\u00e7u pour optimiser le tractus gastro-intestinal du cheval et pouvant \u00eatre utilis\u00e9 comme aliment compos\u00e9 exclusif ou en compl\u00e9ment de l&#039;alimentation de base.<\/strong><div>? Faible teneur en amidon et en sucres simples, convenant aux chevaux pr\u00e9sentant : une sensibilit\u00e9 \u00e0 l&#039;amidon ; Ulcer\u00e8s Gastriques; dentition compromise; ou temp\u00e9rament nerveux.<\/div><div>? Riche en Vitamine E et en S\u00e9l\u00e9nium, favorisant la r\u00e9cup\u00e9ration musculaire.<\/div><div>? Riche en mati\u00e8res grasses et riche en Om\u00e9ga 3.<\/div><\/h3>","protected":false},"excerpt":{"rendered":"<p>Aliment con\u00e7u pour optimiser le Tractus Gastro-Intestinal du cheval, et pouvant \u00eatre utilis\u00e9 comme compl\u00e9ment ou comme aliment compos\u00e9 exclusif.<\/p>","protected":false},"featured_media":1194,"template":"","meta":{"_et_pb_use_builder":"","_et_pb_old_content":"","_et_gb_content_width":""},"product_cat":[79,154,167,166,164,162,161],"product_tag":[67,103,68],"class_list":{"0":"post-1193","1":"product","2":"type-product","3":"status-publish","4":"has-post-thumbnail","6":"product_cat-produtos","7":"product_cat-alimentos","8":"product_cat-sem-cereais","9":"product_cat-baixo-em-acucar-e-amidos","10":"product_cat-saude-gastrointestinal","11":"product_cat-para-aumentar-o-peso","12":"product_cat-cavalo-senior","13":"product_tag-cavalo-quente","14":"product_tag-cavalo-senior","15":"product_tag-trabalho-ligeiro-lazer","17":"first","18":"instock","19":"shipping-taxable","20":"product-type-simple"},"acf":[],"_links":{"self":[{"href":"https:\/\/clone.intacol.pt\/fr\/wp-json\/wp\/v2\/product\/1193","targetHints":{"allow":["GET"]}}],"collection":[{"href":"https:\/\/clone.intacol.pt\/fr\/wp-json\/wp\/v2\/product"}],"about":[{"href":"https:\/\/clone.intacol.pt\/fr\/wp-json\/wp\/v2\/types\/product"}],"wp:featuredmedia":[{"embeddable":true,"href":"https:\/\/clone.intacol.pt\/fr\/wp-json\/wp\/v2\/media\/1194"}],"wp:attachment":[{"href":"https:\/\/clone.intacol.pt\/fr\/wp-json\/wp\/v2\/media?parent=1193"}],"wp:term":[{"taxonomy":"product_cat","embeddable":true,"href":"https:\/\/clone.intacol.pt\/fr\/wp-json\/wp\/v2\/product_cat?post=1193"},{"taxonomy":"product_tag","embeddable":true,"href":"https:\/\/clone.intacol.pt\/fr\/wp-json\/wp\/v2\/product_tag?post=1193"}],"curies":[{"name":"wp","href":"https:\/\/api.w.org\/{rel}","templated":true}]}}