{"id":1195,"date":"2021-11-16T09:55:56","date_gmt":"2021-11-16T09:55:56","guid":{"rendered":"https:\/\/www.intacol.pt\/?post_type=product&#038;p=1195"},"modified":"2024-05-16T14:27:32","modified_gmt":"2024-05-16T14:27:32","slug":"palatin","status":"publish","type":"product","link":"https:\/\/clone.intacol.pt\/fr\/product\/grandiose\/","title":{"rendered":"<p>PALATIN<\/p>"},"content":{"rendered":"<h3><strong>Aliment formul\u00e9 sans avoine pour r\u00e9pondre aux besoins nutritionnels des chevaux de sport, soumis \u00e0 des efforts mod\u00e9r\u00e9s \u00e0 intenses.<\/strong><div>? Prot\u00e9ine de haute qualit\u00e9 et riche en vitamine E et en s\u00e9l\u00e9nium organique, favorisant la fonction musculaire.<\/div><div>? Diverses sources d&#039;\u00e9nergie qui garantissent l&#039;\u00e9quilibre entre les \u00e9nergies \u00e0 lib\u00e9ration rapide et lente, maximisant les performances du cheval athl\u00e8te.<\/div><div>? Teneur \u00e9lev\u00e9e en acides gras essentiels, favorisant la sant\u00e9 de la peau et du pelage.<\/div><\/h3>","protected":false},"excerpt":{"rendered":"<p>Aliment formul\u00e9 sans avoine, d\u00e9velopp\u00e9 pour les chevaux de sport soumis \u00e0 des efforts mod\u00e9r\u00e9s \u00e0 intenses.<\/p>","protected":false},"featured_media":1196,"template":"","meta":{"_et_pb_use_builder":"","_et_pb_old_content":"","_et_gb_content_width":""},"product_cat":[79,154,158],"product_tag":[67,71],"class_list":{"0":"post-1195","1":"product","2":"type-product","3":"status-publish","4":"has-post-thumbnail","6":"product_cat-produtos","7":"product_cat-alimentos","8":"product_cat-cavalo-em-competicao","9":"product_tag-cavalo-quente","10":"product_tag-trabalho-moderado-intenso","12":"first","13":"instock","14":"shipping-taxable","15":"product-type-simple"},"acf":[],"_links":{"self":[{"href":"https:\/\/clone.intacol.pt\/fr\/wp-json\/wp\/v2\/product\/1195","targetHints":{"allow":["GET"]}}],"collection":[{"href":"https:\/\/clone.intacol.pt\/fr\/wp-json\/wp\/v2\/product"}],"about":[{"href":"https:\/\/clone.intacol.pt\/fr\/wp-json\/wp\/v2\/types\/product"}],"wp:featuredmedia":[{"embeddable":true,"href":"https:\/\/clone.intacol.pt\/fr\/wp-json\/wp\/v2\/media\/1196"}],"wp:attachment":[{"href":"https:\/\/clone.intacol.pt\/fr\/wp-json\/wp\/v2\/media?parent=1195"}],"wp:term":[{"taxonomy":"product_cat","embeddable":true,"href":"https:\/\/clone.intacol.pt\/fr\/wp-json\/wp\/v2\/product_cat?post=1195"},{"taxonomy":"product_tag","embeddable":true,"href":"https:\/\/clone.intacol.pt\/fr\/wp-json\/wp\/v2\/product_tag?post=1195"}],"curies":[{"name":"wp","href":"https:\/\/api.w.org\/{rel}","templated":true}]}}