{"id":1197,"date":"2021-11-16T10:01:44","date_gmt":"2021-11-16T10:01:44","guid":{"rendered":"https:\/\/www.intacol.pt\/?post_type=product&#038;p=1197"},"modified":"2024-05-16T14:26:50","modified_gmt":"2024-05-16T14:26:50","slug":"polimix","status":"publish","type":"product","link":"https:\/\/clone.intacol.pt\/fr\/product\/polymelange\/","title":{"rendered":"<p>POLYIX<\/p>"},"content":{"rendered":"<h3><strong>Aliment \u00e9labor\u00e9 avec diff\u00e9rentes sources d&#039;\u00e9nergie (amidons, graisses et fibres) adapt\u00e9 aux chevaux soumis \u00e0 des efforts physiques prolong\u00e9s.<\/strong><div>? La combinaison d&#039;huile de soja, de graines de lin extrud\u00e9es et de riz extrud\u00e9 lui conf\u00e8re une teneur \u00e9lev\u00e9e en Om\u00e9ga 3 et 6.<\/div><div>? Une teneur plus \u00e9lev\u00e9e en fibres contribue \u00e0 l&#039;int\u00e9grit\u00e9 du syst\u00e8me digestif et favorise l&#039;\u00e9quilibre hydro\u00e9lectrolytique.<\/div><div>? Avec de la vitamine E et du s\u00e9l\u00e9nium organique, indispensables \u00e0 la r\u00e9cup\u00e9ration musculaire.<\/div><\/h3>","protected":false},"excerpt":{"rendered":"<p>Aliment \u00e9labor\u00e9 avec diff\u00e9rentes sources d&#039;\u00e9nergie adapt\u00e9es aux chevaux soumis \u00e0 des efforts physiques prolong\u00e9s.<\/p>","protected":false},"featured_media":1198,"template":"","meta":{"_et_pb_use_builder":"","_et_pb_old_content":"","_et_gb_content_width":""},"product_cat":[79,154,157],"product_tag":[71],"class_list":{"0":"post-1197","1":"product","2":"type-product","3":"status-publish","4":"has-post-thumbnail","6":"product_cat-produtos","7":"product_cat-alimentos","8":"product_cat-trabalho-moderado-intenso","9":"product_tag-trabalho-moderado-intenso","11":"first","12":"instock","13":"shipping-taxable","14":"product-type-simple"},"acf":[],"_links":{"self":[{"href":"https:\/\/clone.intacol.pt\/fr\/wp-json\/wp\/v2\/product\/1197","targetHints":{"allow":["GET"]}}],"collection":[{"href":"https:\/\/clone.intacol.pt\/fr\/wp-json\/wp\/v2\/product"}],"about":[{"href":"https:\/\/clone.intacol.pt\/fr\/wp-json\/wp\/v2\/types\/product"}],"wp:featuredmedia":[{"embeddable":true,"href":"https:\/\/clone.intacol.pt\/fr\/wp-json\/wp\/v2\/media\/1198"}],"wp:attachment":[{"href":"https:\/\/clone.intacol.pt\/fr\/wp-json\/wp\/v2\/media?parent=1197"}],"wp:term":[{"taxonomy":"product_cat","embeddable":true,"href":"https:\/\/clone.intacol.pt\/fr\/wp-json\/wp\/v2\/product_cat?post=1197"},{"taxonomy":"product_tag","embeddable":true,"href":"https:\/\/clone.intacol.pt\/fr\/wp-json\/wp\/v2\/product_tag?post=1197"}],"curies":[{"name":"wp","href":"https:\/\/api.w.org\/{rel}","templated":true}]}}