{"id":1207,"date":"2021-11-16T10:43:01","date_gmt":"2021-11-16T10:43:01","guid":{"rendered":"https:\/\/www.intacol.pt\/?post_type=product&#038;p=1207"},"modified":"2024-05-16T14:18:54","modified_gmt":"2024-05-16T14:18:54","slug":"stud-cubes","status":"publish","type":"product","link":"https:\/\/clone.intacol.pt\/fr\/product\/cubes-de-goujon\/","title":{"rendered":"<p>CUBES DE GOUJONS<\/p>"},"content":{"rendered":"<h3><strong>Aliment formul\u00e9 pour chevaux de campagne, juments non gestantes ou en d\u00e9but de gestation.<\/strong><div>? Avec des prot\u00e9ines de qualit\u00e9, il fournit des acides amin\u00e9s essentiels qui sont cruciaux pour le bon d\u00e9veloppement musculaire.<\/div><div>? \u00c9quilibr\u00e9 en vitamines, oligo-\u00e9l\u00e9ments et min\u00e9raux.<\/div><div>? Soutient le syst\u00e8me immunitaire et le bien-\u00eatre g\u00e9n\u00e9ral.<\/div><\/h3>","protected":false},"excerpt":{"rendered":"<p>Aliment formul\u00e9 pour chevaux de campagne, juments non gestantes ou en d\u00e9but de gestation.<\/p>","protected":false},"featured_media":1208,"template":"","meta":{"_et_pb_use_builder":"","_et_pb_old_content":"","_et_gb_content_width":""},"product_cat":[79,154,155],"product_tag":[69],"class_list":{"0":"post-1207","1":"product","2":"type-product","3":"status-publish","4":"has-post-thumbnail","6":"product_cat-produtos","7":"product_cat-alimentos","8":"product_cat-cavalo-a-campo","9":"product_tag-eguas-alfeiras","11":"first","12":"instock","13":"shipping-taxable","14":"product-type-simple"},"acf":[],"_links":{"self":[{"href":"https:\/\/clone.intacol.pt\/fr\/wp-json\/wp\/v2\/product\/1207","targetHints":{"allow":["GET"]}}],"collection":[{"href":"https:\/\/clone.intacol.pt\/fr\/wp-json\/wp\/v2\/product"}],"about":[{"href":"https:\/\/clone.intacol.pt\/fr\/wp-json\/wp\/v2\/types\/product"}],"wp:featuredmedia":[{"embeddable":true,"href":"https:\/\/clone.intacol.pt\/fr\/wp-json\/wp\/v2\/media\/1208"}],"wp:attachment":[{"href":"https:\/\/clone.intacol.pt\/fr\/wp-json\/wp\/v2\/media?parent=1207"}],"wp:term":[{"taxonomy":"product_cat","embeddable":true,"href":"https:\/\/clone.intacol.pt\/fr\/wp-json\/wp\/v2\/product_cat?post=1207"},{"taxonomy":"product_tag","embeddable":true,"href":"https:\/\/clone.intacol.pt\/fr\/wp-json\/wp\/v2\/product_tag?post=1207"}],"curies":[{"name":"wp","href":"https:\/\/api.w.org\/{rel}","templated":true}]}}