{"id":1230,"date":"2021-11-16T13:00:02","date_gmt":"2021-11-16T13:00:02","guid":{"rendered":"https:\/\/www.intacol.pt\/?post_type=product&#038;p=1230"},"modified":"2024-05-16T14:33:36","modified_gmt":"2024-05-16T14:33:36","slug":"gastro-pro","status":"publish","type":"product","link":"https:\/\/clone.intacol.pt\/fr\/product\/gastro-pro\/","title":{"rendered":"<p>D\u00c9PENSES PRO<\/p>"},"content":{"rendered":"<h3><strong>Nourriture &amp;quot;sans c\u00e9r\u00e9ales&amp;quot; formul\u00e9 dans le but de fournir de l&#039;\u00e9nergie \u00e0 travers des sources qui n&#039;excitent pas les chevaux.<\/strong><p>? Id\u00e9al pour les chevaux : intol\u00e9rants aux r\u00e9gimes riches en amidon\/c\u00e9r\u00e9ales ; avec des sympt\u00f4mes d&#039;ulc\u00e8res gastriques\/intestinaux\u00a0; nerveux ou qui montrent des signes fr\u00e9quents de stress\/maladies.<\/p><p>? Des fibres hautement digestibles (pulpe de betterave, lin) et des lipides polyinsatur\u00e9s assurent un \u00e9quilibre digestif qui tend \u00e0 maintenir la concentration des chevaux.<\/p><p>? Teneur \u00e9lev\u00e9e en vitamine E et en s\u00e9l\u00e9nium organique, qui favorisent la fonction musculaire normale et la r\u00e9cup\u00e9ration.<\/p><\/h3>","protected":false},"excerpt":{"rendered":"<p>Nourriture &amp;quot;sans c\u00e9r\u00e9ales&amp;quot; formul\u00e9 dans le but de fournir de l&#039;\u00e9nergie \u00e0 travers des sources qui n&#039;excitent pas les chevaux.<\/p>","protected":false},"featured_media":2341,"template":"","meta":{"_et_pb_use_builder":"","_et_pb_old_content":"","_et_gb_content_width":""},"product_cat":[79,154,167,166,164],"product_tag":[127,67,68,71],"class_list":{"0":"post-1230","1":"product","2":"type-product","3":"status-publish","4":"has-post-thumbnail","6":"product_cat-produtos","7":"product_cat-alimentos","8":"product_cat-sem-cereais","9":"product_cat-baixo-em-acucar-e-amidos","10":"product_cat-saude-gastrointestinal","11":"product_tag-baixo-em-amido-e-acucares","12":"product_tag-cavalo-quente","13":"product_tag-trabalho-ligeiro-lazer","14":"product_tag-trabalho-moderado-intenso","16":"first","17":"instock","18":"shipping-taxable","19":"product-type-simple"},"acf":[],"_links":{"self":[{"href":"https:\/\/clone.intacol.pt\/fr\/wp-json\/wp\/v2\/product\/1230","targetHints":{"allow":["GET"]}}],"collection":[{"href":"https:\/\/clone.intacol.pt\/fr\/wp-json\/wp\/v2\/product"}],"about":[{"href":"https:\/\/clone.intacol.pt\/fr\/wp-json\/wp\/v2\/types\/product"}],"wp:featuredmedia":[{"embeddable":true,"href":"https:\/\/clone.intacol.pt\/fr\/wp-json\/wp\/v2\/media\/2341"}],"wp:attachment":[{"href":"https:\/\/clone.intacol.pt\/fr\/wp-json\/wp\/v2\/media?parent=1230"}],"wp:term":[{"taxonomy":"product_cat","embeddable":true,"href":"https:\/\/clone.intacol.pt\/fr\/wp-json\/wp\/v2\/product_cat?post=1230"},{"taxonomy":"product_tag","embeddable":true,"href":"https:\/\/clone.intacol.pt\/fr\/wp-json\/wp\/v2\/product_tag?post=1230"}],"curies":[{"name":"wp","href":"https:\/\/api.w.org\/{rel}","templated":true}]}}