{"id":1232,"date":"2021-11-16T13:09:00","date_gmt":"2021-11-16T13:09:00","guid":{"rendered":"https:\/\/www.intacol.pt\/?post_type=product&#038;p=1232"},"modified":"2024-05-28T11:01:25","modified_gmt":"2024-05-28T11:01:25","slug":"alfabeet","status":"publish","type":"product","link":"https:\/\/clone.intacol.pt\/fr\/product\/alphabet\/","title":{"rendered":"<p>ALFABEET<\/p>"},"content":{"rendered":"<h3><strong>Aliment d\u00e9velopp\u00e9 pour remplacer partiellement le fourrage de tous les types de chevaux, compos\u00e9 de super fibres telles que la pulpe de betterave et la luzerne qui fournissent une \u00e9nergie \u00e0 lib\u00e9ration lente, aidant \u00e0 maintenir une bonne sant\u00e9 digestive.<\/strong><div>? Id\u00e9al pour les chevaux qui ont besoin d&#039;une source de fourrage alternative ou d&#039;un aliment pauvre en amidon et riche en fibres, ou les chevaux ayant des probl\u00e8mes dentaires et\/ou digestifs.<\/div><div>? Il doit \u00eatre dissous dans l&#039;eau pour cr\u00e9er un aliment facile \u00e0 m\u00e2cher et \u00e0 dig\u00e9rer.<\/div><\/h3>","protected":false},"excerpt":{"rendered":"<p>Aliment d\u00e9velopp\u00e9 pour remplacer partiellement le fourrage de tous types de chevaux, compos\u00e9 de super fibres telles que la Pulpe de Betterave et de Luzerne.<\/p>","protected":false},"featured_media":1233,"template":"","meta":{"_et_pb_use_builder":"off","_et_pb_old_content":"<h3><strong>Alimento desenvolvido para substituir parcialmente a forragem de todo o tipo de cavalos, composto por super fibras como Polpa de Beterraba e Luzerna que fornecem energia de liberta\u00e7\u00e3o lenta, ajudando a manter uma boa sa\u00fade digestiva.<\/strong><\/h3>\r\n<div>\u2022 Ideal para cavalos que necessitem de uma fonte forrageira alternativa ou de um alimento com baixo teor de amido e el-evado teor de fibra, ou cavalos com problemas dent\u00e1rios e\/ ou digestivos.<\/div>\r\n<div>\u2022 Deve ser dissolvido em \u00e1gua por forma a criar um alimento de f\u00e1cil mastiga\u00e7\u00e3o e digest\u00e3o.<\/div>","_et_gb_content_width":""},"product_cat":[79,154,167,168],"product_tag":[127,116,68,71],"class_list":{"0":"post-1232","1":"product","2":"type-product","3":"status-publish","4":"has-post-thumbnail","6":"product_cat-produtos","7":"product_cat-alimentos","8":"product_cat-sem-cereais","9":"product_cat-fibras","10":"product_tag-baixo-em-amido-e-acucares","11":"product_tag-fontes-de-fibra","12":"product_tag-trabalho-ligeiro-lazer","13":"product_tag-trabalho-moderado-intenso","15":"first","16":"instock","17":"shipping-taxable","18":"product-type-simple"},"acf":[],"_links":{"self":[{"href":"https:\/\/clone.intacol.pt\/fr\/wp-json\/wp\/v2\/product\/1232","targetHints":{"allow":["GET"]}}],"collection":[{"href":"https:\/\/clone.intacol.pt\/fr\/wp-json\/wp\/v2\/product"}],"about":[{"href":"https:\/\/clone.intacol.pt\/fr\/wp-json\/wp\/v2\/types\/product"}],"wp:featuredmedia":[{"embeddable":true,"href":"https:\/\/clone.intacol.pt\/fr\/wp-json\/wp\/v2\/media\/1233"}],"wp:attachment":[{"href":"https:\/\/clone.intacol.pt\/fr\/wp-json\/wp\/v2\/media?parent=1232"}],"wp:term":[{"taxonomy":"product_cat","embeddable":true,"href":"https:\/\/clone.intacol.pt\/fr\/wp-json\/wp\/v2\/product_cat?post=1232"},{"taxonomy":"product_tag","embeddable":true,"href":"https:\/\/clone.intacol.pt\/fr\/wp-json\/wp\/v2\/product_tag?post=1232"}],"curies":[{"name":"wp","href":"https:\/\/api.w.org\/{rel}","templated":true}]}}