{"id":1234,"date":"2021-11-16T14:13:34","date_gmt":"2021-11-16T14:13:34","guid":{"rendered":"https:\/\/www.intacol.pt\/?post_type=product&#038;p=1234"},"modified":"2024-05-16T14:10:31","modified_gmt":"2024-05-16T14:10:31","slug":"wafer","status":"publish","type":"product","link":"https:\/\/clone.intacol.pt\/fr\/product\/gaufrettes\/","title":{"rendered":"<p>TRANCHE<\/p>"},"content":{"rendered":"<h3><strong>Cubes de fourrage \u00e0 haute teneur en prot\u00e9ines et fibres hautement digestibles, d\u00e9velopp\u00e9s pour compl\u00e9ter et \u00e9quilibrer l&#039;alimentation de tous les types de chevaux.<\/strong><div>? Compos\u00e9 de 50% de luzerne et de 50% de ray-grass et autres gramin\u00e9es, il peut repr\u00e9senter 35 \u00e0 60% d&#039;aliments fourragers quotidiens.<\/div><div>? En raison de la faible teneur en amidons et en sucres, il est indiqu\u00e9 pour les chevaux ayant une pr\u00e9disposition \u00e0 d\u00e9velopper : la fourbure ; crampes; syndrome m\u00e9tabolique; Syndrome de Cushing; diarrh\u00e9e chronique; Ulcer\u00e8s Gastriques.<\/div><\/h3>","protected":false},"excerpt":{"rendered":"<p>Cubes de fourrage \u00e0 haute teneur en prot\u00e9ines et fibres hautement digestibles, d\u00e9velopp\u00e9s pour compl\u00e9ter et \u00e9quilibrer l&#039;alimentation de tous les types de chevaux.<\/p>","protected":false},"featured_media":1235,"template":"","meta":{"_et_pb_use_builder":"","_et_pb_old_content":"","_et_gb_content_width":""},"product_cat":[79,168],"product_tag":[116],"class_list":{"0":"post-1234","1":"product","2":"type-product","3":"status-publish","4":"has-post-thumbnail","6":"product_cat-produtos","7":"product_cat-fibras","8":"product_tag-fontes-de-fibra","10":"first","11":"instock","12":"shipping-taxable","13":"product-type-simple"},"acf":[],"_links":{"self":[{"href":"https:\/\/clone.intacol.pt\/fr\/wp-json\/wp\/v2\/product\/1234","targetHints":{"allow":["GET"]}}],"collection":[{"href":"https:\/\/clone.intacol.pt\/fr\/wp-json\/wp\/v2\/product"}],"about":[{"href":"https:\/\/clone.intacol.pt\/fr\/wp-json\/wp\/v2\/types\/product"}],"wp:featuredmedia":[{"embeddable":true,"href":"https:\/\/clone.intacol.pt\/fr\/wp-json\/wp\/v2\/media\/1235"}],"wp:attachment":[{"href":"https:\/\/clone.intacol.pt\/fr\/wp-json\/wp\/v2\/media?parent=1234"}],"wp:term":[{"taxonomy":"product_cat","embeddable":true,"href":"https:\/\/clone.intacol.pt\/fr\/wp-json\/wp\/v2\/product_cat?post=1234"},{"taxonomy":"product_tag","embeddable":true,"href":"https:\/\/clone.intacol.pt\/fr\/wp-json\/wp\/v2\/product_tag?post=1234"}],"curies":[{"name":"wp","href":"https:\/\/api.w.org\/{rel}","templated":true}]}}