{"id":1236,"date":"2021-11-17T09:46:50","date_gmt":"2021-11-17T09:46:50","guid":{"rendered":"https:\/\/www.intacol.pt\/?post_type=product&#038;p=1236"},"modified":"2024-05-10T14:40:17","modified_gmt":"2024-05-10T14:40:17","slug":"vit-e","status":"publish","type":"product","link":"https:\/\/clone.intacol.pt\/fr\/product\/vit-e\/","title":{"rendered":"<p>VIT E+<\/p>"},"content":{"rendered":"<h3><strong>Suppl\u00e9ment qui favorise une augmentation de l&#039;activit\u00e9 antioxydante, gr\u00e2ce \u00e0 l&#039;effet de la vitamine E et du s\u00e9l\u00e9nium.<\/strong><p>Convient pour : chevaux de travail et de course ; \u00e9talons reproducteurs; juments gestantes et allaitantes; chevaux avec peu\/pas d&#039;acc\u00e8s aux p\u00e2turages\u00a0; phases de stress pr\u00e9 et post-critique\u00a0; traitement\/pr\u00e9vention des maladies musculaires (myopathies)<\/p><\/h3>","protected":false},"excerpt":{"rendered":"<p>Suppl\u00e9ment qui favorise une augmentation de l&#039;activit\u00e9 antioxydante, gr\u00e2ce \u00e0 l&#039;effet de la vitamine E et du s\u00e9l\u00e9nium.<\/p>","protected":false},"featured_media":1237,"template":"","meta":{"_et_pb_use_builder":"","_et_pb_old_content":"","_et_gb_content_width":""},"product_cat":[79],"product_tag":[],"class_list":{"0":"post-1236","1":"product","2":"type-product","3":"status-publish","4":"has-post-thumbnail","6":"product_cat-produtos","8":"first","9":"instock","10":"shipping-taxable","11":"product-type-simple"},"acf":[],"_links":{"self":[{"href":"https:\/\/clone.intacol.pt\/fr\/wp-json\/wp\/v2\/product\/1236","targetHints":{"allow":["GET"]}}],"collection":[{"href":"https:\/\/clone.intacol.pt\/fr\/wp-json\/wp\/v2\/product"}],"about":[{"href":"https:\/\/clone.intacol.pt\/fr\/wp-json\/wp\/v2\/types\/product"}],"wp:featuredmedia":[{"embeddable":true,"href":"https:\/\/clone.intacol.pt\/fr\/wp-json\/wp\/v2\/media\/1237"}],"wp:attachment":[{"href":"https:\/\/clone.intacol.pt\/fr\/wp-json\/wp\/v2\/media?parent=1236"}],"wp:term":[{"taxonomy":"product_cat","embeddable":true,"href":"https:\/\/clone.intacol.pt\/fr\/wp-json\/wp\/v2\/product_cat?post=1236"},{"taxonomy":"product_tag","embeddable":true,"href":"https:\/\/clone.intacol.pt\/fr\/wp-json\/wp\/v2\/product_tag?post=1236"}],"curies":[{"name":"wp","href":"https:\/\/api.w.org\/{rel}","templated":true}]}}