{"id":1238,"date":"2021-11-17T09:56:10","date_gmt":"2021-11-17T09:56:10","guid":{"rendered":"https:\/\/www.intacol.pt\/?post_type=product&#038;p=1238"},"modified":"2024-05-10T15:10:59","modified_gmt":"2024-05-10T15:10:59","slug":"artiplus","status":"publish","type":"product","link":"https:\/\/clone.intacol.pt\/fr\/product\/artiplus\/","title":{"rendered":"<p>ARTIPLUS<\/p>"},"content":{"rendered":"<h3><strong>Suppl\u00e9ment de mobilit\u00e9 qui contient des composants de soutien articulaire de haute qualit\u00e9, aidant \u00e0 maintenir une r\u00e9ponse saine \u00e0 l&#039;inflammation, favorisant la flexibilit\u00e9 et la mobilit\u00e9 des articulations.<\/strong><p>Id\u00e9al pour : chevaux de travail et de course ; chevaux plus \u00e2g\u00e9s; les poulains commencent le travail; chevaux souffrant de probl\u00e8mes articulaires.<\/p><\/h3>","protected":false},"excerpt":{"rendered":"<p>Suppl\u00e9ment de mobilit\u00e9 qui contient des composants de soutien articulaire de haute qualit\u00e9, favorisant la flexibilit\u00e9 et la mobilit\u00e9 articulaires.<\/p>","protected":false},"featured_media":1239,"template":"","meta":{"_et_pb_use_builder":"","_et_pb_old_content":"","_et_gb_content_width":""},"product_cat":[79],"product_tag":[],"class_list":{"0":"post-1238","1":"product","2":"type-product","3":"status-publish","4":"has-post-thumbnail","6":"product_cat-produtos","8":"first","9":"instock","10":"shipping-taxable","11":"product-type-simple"},"acf":[],"_links":{"self":[{"href":"https:\/\/clone.intacol.pt\/fr\/wp-json\/wp\/v2\/product\/1238","targetHints":{"allow":["GET"]}}],"collection":[{"href":"https:\/\/clone.intacol.pt\/fr\/wp-json\/wp\/v2\/product"}],"about":[{"href":"https:\/\/clone.intacol.pt\/fr\/wp-json\/wp\/v2\/types\/product"}],"wp:featuredmedia":[{"embeddable":true,"href":"https:\/\/clone.intacol.pt\/fr\/wp-json\/wp\/v2\/media\/1239"}],"wp:attachment":[{"href":"https:\/\/clone.intacol.pt\/fr\/wp-json\/wp\/v2\/media?parent=1238"}],"wp:term":[{"taxonomy":"product_cat","embeddable":true,"href":"https:\/\/clone.intacol.pt\/fr\/wp-json\/wp\/v2\/product_cat?post=1238"},{"taxonomy":"product_tag","embeddable":true,"href":"https:\/\/clone.intacol.pt\/fr\/wp-json\/wp\/v2\/product_tag?post=1238"}],"curies":[{"name":"wp","href":"https:\/\/api.w.org\/{rel}","templated":true}]}}