{"id":1240,"date":"2021-11-17T09:58:42","date_gmt":"2021-11-17T09:58:42","guid":{"rendered":"https:\/\/www.intacol.pt\/?post_type=product&#038;p=1240"},"modified":"2023-11-22T15:19:41","modified_gmt":"2023-11-22T15:19:41","slug":"calmisport","status":"publish","type":"product","link":"https:\/\/clone.intacol.pt\/fr\/product\/calmesport\/","title":{"rendered":"<p>CALMISPORT<\/p>"},"content":{"rendered":"<h3><strong>Suppl\u00e9ment contenant du magn\u00e9sium hautement disponible, d\u00e9velopp\u00e9 pour les chevaux ayant des difficult\u00e9s de concentration pendant l&#039;effort ou qui sont dans des situations stressantes.<\/strong><p>Id\u00e9al pour : les chevaux qui s&#039;excitent beaucoup en comp\u00e9tition ; juments et poulains en phase de sevrage ; proc\u00e9dures v\u00e9t\u00e9rinaires, ferrage et d\u00e9placements.<\/p><\/h3>","protected":false},"excerpt":{"rendered":"<p>Suppl\u00e9ment contenant du magn\u00e9sium hautement disponible, d\u00e9velopp\u00e9 pour les chevaux ayant des difficult\u00e9s de concentration ou en situation de stress.<\/p>","protected":false},"featured_media":1242,"template":"","meta":{"_et_pb_use_builder":"","_et_pb_old_content":"","_et_gb_content_width":""},"product_cat":[79],"product_tag":[],"class_list":{"0":"post-1240","1":"product","2":"type-product","3":"status-publish","4":"has-post-thumbnail","6":"product_cat-produtos","8":"first","9":"instock","10":"shipping-taxable","11":"product-type-simple"},"acf":[],"_links":{"self":[{"href":"https:\/\/clone.intacol.pt\/fr\/wp-json\/wp\/v2\/product\/1240","targetHints":{"allow":["GET"]}}],"collection":[{"href":"https:\/\/clone.intacol.pt\/fr\/wp-json\/wp\/v2\/product"}],"about":[{"href":"https:\/\/clone.intacol.pt\/fr\/wp-json\/wp\/v2\/types\/product"}],"wp:featuredmedia":[{"embeddable":true,"href":"https:\/\/clone.intacol.pt\/fr\/wp-json\/wp\/v2\/media\/1242"}],"wp:attachment":[{"href":"https:\/\/clone.intacol.pt\/fr\/wp-json\/wp\/v2\/media?parent=1240"}],"wp:term":[{"taxonomy":"product_cat","embeddable":true,"href":"https:\/\/clone.intacol.pt\/fr\/wp-json\/wp\/v2\/product_cat?post=1240"},{"taxonomy":"product_tag","embeddable":true,"href":"https:\/\/clone.intacol.pt\/fr\/wp-json\/wp\/v2\/product_tag?post=1240"}],"curies":[{"name":"wp","href":"https:\/\/api.w.org\/{rel}","templated":true}]}}