{"id":1248,"date":"2021-11-17T11:41:49","date_gmt":"2021-11-17T11:41:49","guid":{"rendered":"https:\/\/www.intacol.pt\/?post_type=product&#038;p=1248"},"modified":"2024-05-10T15:14:17","modified_gmt":"2024-05-10T15:14:17","slug":"hoofbuilder","status":"publish","type":"product","link":"https:\/\/clone.intacol.pt\/fr\/product\/constructeur-de-sabots\/","title":{"rendered":"<p>HOOFBUILDER<\/p>"},"content":{"rendered":"<h3><strong>Suppl\u00e9ment complet pour sabots compos\u00e9 de nutriments essentiels tels que la biotine, la vitamine B5, la m\u00e9thionine et les oligo-\u00e9l\u00e9ments, n\u00e9cessaires pour stimuler la croissance et la sant\u00e9.<\/strong><p>Favorise la qualit\u00e9 du tissu corn\u00e9en et la croissance saine des sabots, de la crini\u00e8re et de la queue.<\/p><\/h3>","protected":false},"excerpt":{"rendered":"<p>Suppl\u00e9ment complet pour sabots compos\u00e9 de nutriments essentiels tels que la biotine, la vitamine B5, la m\u00e9thionine et les oligo-\u00e9l\u00e9ments.<\/p>","protected":false},"featured_media":1249,"template":"","meta":{"_et_pb_use_builder":"","_et_pb_old_content":"","_et_gb_content_width":""},"product_cat":[79],"product_tag":[],"class_list":{"0":"post-1248","1":"product","2":"type-product","3":"status-publish","4":"has-post-thumbnail","6":"product_cat-produtos","8":"first","9":"instock","10":"shipping-taxable","11":"product-type-simple"},"acf":[],"_links":{"self":[{"href":"https:\/\/clone.intacol.pt\/fr\/wp-json\/wp\/v2\/product\/1248","targetHints":{"allow":["GET"]}}],"collection":[{"href":"https:\/\/clone.intacol.pt\/fr\/wp-json\/wp\/v2\/product"}],"about":[{"href":"https:\/\/clone.intacol.pt\/fr\/wp-json\/wp\/v2\/types\/product"}],"wp:featuredmedia":[{"embeddable":true,"href":"https:\/\/clone.intacol.pt\/fr\/wp-json\/wp\/v2\/media\/1249"}],"wp:attachment":[{"href":"https:\/\/clone.intacol.pt\/fr\/wp-json\/wp\/v2\/media?parent=1248"}],"wp:term":[{"taxonomy":"product_cat","embeddable":true,"href":"https:\/\/clone.intacol.pt\/fr\/wp-json\/wp\/v2\/product_cat?post=1248"},{"taxonomy":"product_tag","embeddable":true,"href":"https:\/\/clone.intacol.pt\/fr\/wp-json\/wp\/v2\/product_tag?post=1248"}],"curies":[{"name":"wp","href":"https:\/\/api.w.org\/{rel}","templated":true}]}}