{"id":1252,"date":"2021-11-17T11:47:04","date_gmt":"2021-11-17T11:47:04","guid":{"rendered":"https:\/\/www.intacol.pt\/?post_type=product&#038;p=1252"},"modified":"2024-05-10T15:18:11","modified_gmt":"2024-05-10T15:18:11","slug":"gastrobalance","status":"publish","type":"product","link":"https:\/\/clone.intacol.pt\/fr\/product\/gastrobalance\/","title":{"rendered":"<p>GASTROBALANCE<\/p>"},"content":{"rendered":"<h3><strong>Suppl\u00e9ment qui aide \u00e0 assurer le bon fonctionnement de l&#039;\u00e9pith\u00e9lium de l&#039;estomac, favorisant un \u00e9quilibre dans le processus digestif.<\/strong><p>Convient aux : chevaux pr\u00e9sentant des signes de troubles digestifs, des signes cliniques de dysbiose (diarrh\u00e9e) ; chevaux \u00e2g\u00e9s \u00e0 efficacit\u00e9 digestive diminu\u00e9e ; \u00e9tapes post-traitement avec des antibiotiques.<\/p><\/h3>","protected":false},"excerpt":{"rendered":"<p>Suppl\u00e9ment qui aide \u00e0 assurer le bon fonctionnement de l&#039;\u00e9pith\u00e9lium de l&#039;estomac, favorisant un \u00e9quilibre dans le processus digestif.<\/p>","protected":false},"featured_media":1253,"template":"","meta":{"_et_pb_use_builder":"","_et_pb_old_content":"","_et_gb_content_width":""},"product_cat":[79],"product_tag":[],"class_list":{"0":"post-1252","1":"product","2":"type-product","3":"status-publish","4":"has-post-thumbnail","6":"product_cat-produtos","8":"first","9":"instock","10":"shipping-taxable","11":"product-type-simple"},"acf":[],"_links":{"self":[{"href":"https:\/\/clone.intacol.pt\/fr\/wp-json\/wp\/v2\/product\/1252","targetHints":{"allow":["GET"]}}],"collection":[{"href":"https:\/\/clone.intacol.pt\/fr\/wp-json\/wp\/v2\/product"}],"about":[{"href":"https:\/\/clone.intacol.pt\/fr\/wp-json\/wp\/v2\/types\/product"}],"wp:featuredmedia":[{"embeddable":true,"href":"https:\/\/clone.intacol.pt\/fr\/wp-json\/wp\/v2\/media\/1253"}],"wp:attachment":[{"href":"https:\/\/clone.intacol.pt\/fr\/wp-json\/wp\/v2\/media?parent=1252"}],"wp:term":[{"taxonomy":"product_cat","embeddable":true,"href":"https:\/\/clone.intacol.pt\/fr\/wp-json\/wp\/v2\/product_cat?post=1252"},{"taxonomy":"product_tag","embeddable":true,"href":"https:\/\/clone.intacol.pt\/fr\/wp-json\/wp\/v2\/product_tag?post=1252"}],"curies":[{"name":"wp","href":"https:\/\/api.w.org\/{rel}","templated":true}]}}