{"id":1255,"date":"2021-11-17T11:54:25","date_gmt":"2021-11-17T11:54:25","guid":{"rendered":"https:\/\/www.intacol.pt\/?post_type=product&#038;p=1255"},"modified":"2024-05-10T15:10:08","modified_gmt":"2024-05-10T15:10:08","slug":"multivit","status":"publish","type":"product","link":"https:\/\/clone.intacol.pt\/fr\/product\/multivit\/","title":{"rendered":"<p>MULTIVIT<\/p>"},"content":{"rendered":"<h3><strong>Compl\u00e9ment min\u00e9ral et vitaminique qui aide \u00e0 maximiser les performances sportives du cheval et qui aide \u00e0 stimuler son syst\u00e8me immunitaire.<\/strong><p>Convient pour : chevaux en travail intense\/comp\u00e9tition ; les chevaux qui ne mangent que du fourrage ou qui consomment une quantit\u00e9 d&#039;aliments concentr\u00e9s inf\u00e9rieure \u00e0 celle recommand\u00e9e\u00a0; les chevaux aux r\u00e9gimes exclusivement \u00e0 base de c\u00e9r\u00e9ales ; chevaux plus \u00e2g\u00e9s.<\/p><\/h3>","protected":false},"excerpt":{"rendered":"<p>Compl\u00e9ment min\u00e9ral et vitaminique qui aide \u00e0 maximiser les performances sportives du cheval et qui aide \u00e0 stimuler son syst\u00e8me immunitaire.<\/p>","protected":false},"featured_media":1256,"template":"","meta":{"_et_pb_use_builder":"","_et_pb_old_content":"","_et_gb_content_width":""},"product_cat":[79],"product_tag":[],"class_list":{"0":"post-1255","1":"product","2":"type-product","3":"status-publish","4":"has-post-thumbnail","6":"product_cat-produtos","8":"first","9":"instock","10":"shipping-taxable","11":"product-type-simple"},"acf":[],"_links":{"self":[{"href":"https:\/\/clone.intacol.pt\/fr\/wp-json\/wp\/v2\/product\/1255","targetHints":{"allow":["GET"]}}],"collection":[{"href":"https:\/\/clone.intacol.pt\/fr\/wp-json\/wp\/v2\/product"}],"about":[{"href":"https:\/\/clone.intacol.pt\/fr\/wp-json\/wp\/v2\/types\/product"}],"wp:featuredmedia":[{"embeddable":true,"href":"https:\/\/clone.intacol.pt\/fr\/wp-json\/wp\/v2\/media\/1256"}],"wp:attachment":[{"href":"https:\/\/clone.intacol.pt\/fr\/wp-json\/wp\/v2\/media?parent=1255"}],"wp:term":[{"taxonomy":"product_cat","embeddable":true,"href":"https:\/\/clone.intacol.pt\/fr\/wp-json\/wp\/v2\/product_cat?post=1255"},{"taxonomy":"product_tag","embeddable":true,"href":"https:\/\/clone.intacol.pt\/fr\/wp-json\/wp\/v2\/product_tag?post=1255"}],"curies":[{"name":"wp","href":"https:\/\/api.w.org\/{rel}","templated":true}]}}