{"id":1831,"date":"2022-03-02T11:32:16","date_gmt":"2022-03-02T11:32:16","guid":{"rendered":"https:\/\/www.intacol.pt\/?post_type=product&#038;p=1831"},"modified":"2024-05-16T14:10:57","modified_gmt":"2024-05-16T14:10:57","slug":"alfalfa","status":"publish","type":"product","link":"https:\/\/clone.intacol.pt\/fr\/product\/luzerne\/","title":{"rendered":"<p>ALPHALPHE<\/p>"},"content":{"rendered":"<h3><strong>Nourriture s\u00fbre et savoureuse pour les chevaux, qui pourrait repr\u00e9senter 20 \u00e0 50% de nourriture fourrag\u00e8re quotidienne.<\/strong><div>? Fardos 100% de luzerna. ? Rico em prote&iacute;na de qualidade e fibra de alta digestibilidade, garantindo o bem-estar geral do trato digestivo do cavalo. ? Gra&ccedil;as ao efeito tamp&atilde;o proporcionado pela luzerna, a sua utiliza&ccedil;&atilde;o torna-se vantajosa para suporte nutricional em casos de cavalos com S&iacute;ndrome de &Uacute;lcera G&aacute;strica.<\/div><\/h3>","protected":false},"excerpt":{"rendered":"<p>Aliment compos\u00e9 de 100% par luzerne, pouvant repr\u00e9senter 20 \u00e0 50% de l&#039;aliment fourrager journalier.<\/p>","protected":false},"featured_media":1834,"template":"","meta":{"_et_pb_use_builder":"off","_et_pb_old_content":"<h3><strong>Alimento seguro e palat\u00e1vel para cavalos, que poder\u00e1 representar 20 a 50% do alimento forrageiro di\u00e1rio.<\/strong><\/h3>\r\n<div>\u2022 Fardos 100% de luzerna. \u2022 Rico em prote\u00edna de qualidade e fibra de alta digestibilidade, garantindo o bem-estar geral do trato digestivo do cavalo. \u2022 Gra\u00e7as ao efeito tamp\u00e3o proporcionado pela luzerna, a sua utiliza\u00e7\u00e3o torna-se vantajosa para suporte nutricional em casos de cavalos com S\u00edndrome de \u00dalcera G\u00e1strica.<\/div>","_et_gb_content_width":""},"product_cat":[79,168],"product_tag":[127,116,68,71],"class_list":{"0":"post-1831","1":"product","2":"type-product","3":"status-publish","4":"has-post-thumbnail","6":"product_cat-produtos","7":"product_cat-fibras","8":"product_tag-baixo-em-amido-e-acucares","9":"product_tag-fontes-de-fibra","10":"product_tag-trabalho-ligeiro-lazer","11":"product_tag-trabalho-moderado-intenso","13":"first","14":"instock","15":"shipping-taxable","16":"product-type-external"},"acf":[],"_links":{"self":[{"href":"https:\/\/clone.intacol.pt\/fr\/wp-json\/wp\/v2\/product\/1831","targetHints":{"allow":["GET"]}}],"collection":[{"href":"https:\/\/clone.intacol.pt\/fr\/wp-json\/wp\/v2\/product"}],"about":[{"href":"https:\/\/clone.intacol.pt\/fr\/wp-json\/wp\/v2\/types\/product"}],"wp:featuredmedia":[{"embeddable":true,"href":"https:\/\/clone.intacol.pt\/fr\/wp-json\/wp\/v2\/media\/1834"}],"wp:attachment":[{"href":"https:\/\/clone.intacol.pt\/fr\/wp-json\/wp\/v2\/media?parent=1831"}],"wp:term":[{"taxonomy":"product_cat","embeddable":true,"href":"https:\/\/clone.intacol.pt\/fr\/wp-json\/wp\/v2\/product_cat?post=1831"},{"taxonomy":"product_tag","embeddable":true,"href":"https:\/\/clone.intacol.pt\/fr\/wp-json\/wp\/v2\/product_tag?post=1831"}],"curies":[{"name":"wp","href":"https:\/\/api.w.org\/{rel}","templated":true}]}}