{"id":1835,"date":"2022-03-02T15:25:45","date_gmt":"2022-03-02T15:25:45","guid":{"rendered":"https:\/\/www.intacol.pt\/?post_type=product&#038;p=1835"},"modified":"2024-05-10T15:17:54","modified_gmt":"2024-05-10T15:17:54","slug":"goldengrass","status":"publish","type":"product","link":"https:\/\/clone.intacol.pt\/fr\/product\/herbe-doree\/","title":{"rendered":"<p>GOLDENGRASS<\/p>"},"content":{"rendered":"<h3><strong>Goldengrass est une alternative fourrag\u00e8re saine au foin compos\u00e9 d&#039;herbes matures qui sont r\u00e9colt\u00e9es et emball\u00e9es herm\u00e9tiquement, offrant une teneur \u00e9lev\u00e9e en humidit\u00e9.<\/strong><div>? Aliment s\u00fbr et agr\u00e9able au go\u00fbt pour les chevaux \u00e0 base de ray-grass vivace sans poussi\u00e8re.<\/div><div>? Id\u00e9al pour les chevaux en travail mod\u00e9r\u00e9 \u00e0 intense (comp\u00e9titions).<\/div><\/h3>","protected":false},"excerpt":{"rendered":"<p>Alternative fourrag\u00e8re saine au foin compos\u00e9 d&#039;herbes matures, r\u00e9colt\u00e9es et emball\u00e9es herm\u00e9tiquement.<\/p>","protected":false},"featured_media":1836,"template":"","meta":{"_et_pb_use_builder":"","_et_pb_old_content":"","_et_gb_content_width":""},"product_cat":[79],"product_tag":[116,68,71],"class_list":{"0":"post-1835","1":"product","2":"type-product","3":"status-publish","4":"has-post-thumbnail","6":"product_cat-produtos","7":"product_tag-fontes-de-fibra","8":"product_tag-trabalho-ligeiro-lazer","9":"product_tag-trabalho-moderado-intenso","11":"first","12":"instock","13":"shipping-taxable","14":"product-type-simple"},"acf":[],"_links":{"self":[{"href":"https:\/\/clone.intacol.pt\/fr\/wp-json\/wp\/v2\/product\/1835","targetHints":{"allow":["GET"]}}],"collection":[{"href":"https:\/\/clone.intacol.pt\/fr\/wp-json\/wp\/v2\/product"}],"about":[{"href":"https:\/\/clone.intacol.pt\/fr\/wp-json\/wp\/v2\/types\/product"}],"wp:featuredmedia":[{"embeddable":true,"href":"https:\/\/clone.intacol.pt\/fr\/wp-json\/wp\/v2\/media\/1836"}],"wp:attachment":[{"href":"https:\/\/clone.intacol.pt\/fr\/wp-json\/wp\/v2\/media?parent=1835"}],"wp:term":[{"taxonomy":"product_cat","embeddable":true,"href":"https:\/\/clone.intacol.pt\/fr\/wp-json\/wp\/v2\/product_cat?post=1835"},{"taxonomy":"product_tag","embeddable":true,"href":"https:\/\/clone.intacol.pt\/fr\/wp-json\/wp\/v2\/product_tag?post=1835"}],"curies":[{"name":"wp","href":"https:\/\/api.w.org\/{rel}","templated":true}]}}