{"id":1838,"date":"2022-03-02T16:02:47","date_gmt":"2022-03-02T16:02:47","guid":{"rendered":"https:\/\/www.intacol.pt\/?post_type=product&#038;p=1838"},"modified":"2026-02-18T11:47:50","modified_gmt":"2026-02-18T11:47:50","slug":"peerspan","status":"publish","type":"product","link":"https:\/\/clone.intacol.pt\/fr\/product\/pairs\/","title":{"rendered":"<p>PEERSPAN<\/p>"},"content":{"rendered":"<h3><strong>Copeaux de bois de haute qualit\u00e9, sans produits chimiques ajout\u00e9s, id\u00e9aux pour la liti\u00e8re des chevaux en stabulation.<\/strong><div>? Balles de copeaux de 20 et 23 kg, fabriqu\u00e9es \u00e0 partir de 100% de pin nordique naturel.<\/div><div>? Mati\u00e8re souple et \u00e9lastique, id\u00e9ale pour le confort du cheval.<\/div><div>? Tr\u00e8s absorbant, assurant un niveau d&#039;hygi\u00e8ne extr\u00eamement \u00e9lev\u00e9.<\/div><\/h3>","protected":false},"excerpt":{"rendered":"<p>Copeaux faits 100% de pin nordique naturel, id\u00e9al pour les lits de chevaux \u00e0 l&#039;\u00e9curie.<\/p>","protected":false},"featured_media":1839,"template":"","meta":{"_et_pb_use_builder":"","_et_pb_old_content":"","_et_gb_content_width":""},"product_cat":[79,181],"product_tag":[],"class_list":{"0":"post-1838","1":"product","2":"type-product","3":"status-publish","4":"has-post-thumbnail","6":"product_cat-produtos","7":"product_cat-camas","9":"first","10":"instock","11":"shipping-taxable","12":"product-type-simple"},"acf":[],"_links":{"self":[{"href":"https:\/\/clone.intacol.pt\/fr\/wp-json\/wp\/v2\/product\/1838","targetHints":{"allow":["GET"]}}],"collection":[{"href":"https:\/\/clone.intacol.pt\/fr\/wp-json\/wp\/v2\/product"}],"about":[{"href":"https:\/\/clone.intacol.pt\/fr\/wp-json\/wp\/v2\/types\/product"}],"wp:featuredmedia":[{"embeddable":true,"href":"https:\/\/clone.intacol.pt\/fr\/wp-json\/wp\/v2\/media\/1839"}],"wp:attachment":[{"href":"https:\/\/clone.intacol.pt\/fr\/wp-json\/wp\/v2\/media?parent=1838"}],"wp:term":[{"taxonomy":"product_cat","embeddable":true,"href":"https:\/\/clone.intacol.pt\/fr\/wp-json\/wp\/v2\/product_cat?post=1838"},{"taxonomy":"product_tag","embeddable":true,"href":"https:\/\/clone.intacol.pt\/fr\/wp-json\/wp\/v2\/product_tag?post=1838"}],"curies":[{"name":"wp","href":"https:\/\/api.w.org\/{rel}","templated":true}]}}