{"id":247,"date":"2021-10-19T13:52:14","date_gmt":"2021-10-19T13:52:14","guid":{"rendered":"http:\/\/intacol.pt\/?post_type=product&#038;p=247"},"modified":"2024-05-16T14:21:31","modified_gmt":"2024-05-16T14:21:31","slug":"equimix","status":"publish","type":"product","link":"https:\/\/clone.intacol.pt\/fr\/product\/equimix\/","title":{"rendered":"<p>\u00c9QUIMIX<\/p>"},"content":{"rendered":"<h3><strong>Aliment d\u00e9velopp\u00e9 pour r\u00e9pondre aux besoins nutritionnels des chevaux adultes au repos ou en travail l\u00e9ger \u00e0 mod\u00e9r\u00e9.<\/strong><p>? Bonne app\u00e9tence.<\/p><p>? Contient tous les nutriments essentiels pour une alimentation \u00e9quilibr\u00e9e et saine.<\/p><p>? L&#039;utilisation de c\u00e9r\u00e9ales flocul\u00e9es garantit une bonne digestibilit\u00e9 de cet aliment.<\/p><\/h3>","protected":false},"excerpt":{"rendered":"<p>Aliment formul\u00e9 pour les chevaux au repos ou en travail l\u00e9ger \u00e0 mod\u00e9r\u00e9.<\/p>","protected":false},"featured_media":1171,"template":"","meta":{"_et_pb_use_builder":"","_et_pb_old_content":"","_et_gb_content_width":""},"product_cat":[79,154,155],"product_tag":[],"class_list":{"0":"post-247","1":"product","2":"type-product","3":"status-publish","4":"has-post-thumbnail","6":"product_cat-produtos","7":"product_cat-alimentos","8":"product_cat-cavalo-a-campo","10":"first","11":"instock","12":"shipping-taxable","13":"product-type-simple"},"acf":[],"_links":{"self":[{"href":"https:\/\/clone.intacol.pt\/fr\/wp-json\/wp\/v2\/product\/247","targetHints":{"allow":["GET"]}}],"collection":[{"href":"https:\/\/clone.intacol.pt\/fr\/wp-json\/wp\/v2\/product"}],"about":[{"href":"https:\/\/clone.intacol.pt\/fr\/wp-json\/wp\/v2\/types\/product"}],"wp:featuredmedia":[{"embeddable":true,"href":"https:\/\/clone.intacol.pt\/fr\/wp-json\/wp\/v2\/media\/1171"}],"wp:attachment":[{"href":"https:\/\/clone.intacol.pt\/fr\/wp-json\/wp\/v2\/media?parent=247"}],"wp:term":[{"taxonomy":"product_cat","embeddable":true,"href":"https:\/\/clone.intacol.pt\/fr\/wp-json\/wp\/v2\/product_cat?post=247"},{"taxonomy":"product_tag","embeddable":true,"href":"https:\/\/clone.intacol.pt\/fr\/wp-json\/wp\/v2\/product_tag?post=247"}],"curies":[{"name":"wp","href":"https:\/\/api.w.org\/{rel}","templated":true}]}}